{"id":2022,"date":"2015-10-12T11:06:35","date_gmt":"2015-10-12T11:06:35","guid":{"rendered":"https:\/\/akurats.com\/?page_id=2022"},"modified":"2015-10-13T08:56:28","modified_gmt":"2015-10-13T08:56:28","slug":"5m-x-5m-koonusekujuline","status":"publish","type":"page","link":"https:\/\/akurats.com\/et\/telgid\/5m-x-5m-koonusekujuline\/","title":{"rendered":"5m x 5m koonusekujuline"},"content":{"rendered":"<div id=\"pl-2022\"  class=\"panel-layout\" ><div id=\"pg-2022-0\"  class=\"panel-grid panel-no-style\" ><div id=\"pgc-2022-0-0\"  class=\"panel-grid-cell\" ><div id=\"panel-2022-0-0-0\" class=\"so-panel widget widget_black-studio-tinymce widget_black_studio_tinymce panel-first-child panel-last-child\" data-index=\"0\" ><div class=\"textwidget\"><p><a href=\"https:\/\/akurats.com\/wp-content\/uploads\/2015\/07\/telsts5x5konusveida_1_big.jpg\"><img src=\"https:\/\/akurats.com\/wp-content\/uploads\/2015\/07\/telsts5x5konusveida_1_big-300x200.jpg\" alt=\"telsts5x5konusveida_1_big\" width=\"300\" height=\"200\" class=\"aligncenter size-thumbnail wp-image-759\" \/><\/a><\/p>\n<\/div><\/div><\/div><div id=\"pgc-2022-0-1\"  class=\"panel-grid-cell\" ><div id=\"panel-2022-0-1-0\" class=\"so-panel widget widget_black-studio-tinymce widget_black_studio_tinymce panel-first-child panel-last-child\" data-index=\"1\" ><div class=\"textwidget\"><p><a href=\"https:\/\/akurats.com\/wp-content\/uploads\/2015\/07\/telsts5x5konusveida_2_big.jpg\"><img src=\"https:\/\/akurats.com\/wp-content\/uploads\/2015\/07\/telsts5x5konusveida_2_big-300x200.jpg\" alt=\"telsts5x5konusveida_2_big\" width=\"300\" height=\"200\" class=\"aligncenter size-thumbnail wp-image-764\" \/><\/a><\/p>\n<\/div><\/div><\/div><div id=\"pgc-2022-0-2\"  class=\"panel-grid-cell\" ><div id=\"panel-2022-0-2-0\" class=\"so-panel widget widget_black-studio-tinymce widget_black_studio_tinymce panel-first-child panel-last-child\" data-index=\"2\" ><div class=\"textwidget\"><p><a href=\"https:\/\/akurats.com\/wp-content\/uploads\/2015\/07\/telsts5x5konusveida_3_big.jpg\"><img src=\"https:\/\/akurats.com\/wp-content\/uploads\/2015\/07\/telsts5x5konusveida_3_big-300x200.jpg\" alt=\"telsts5x5konusveida_3_big\" width=\"300\" height=\"200\" class=\"aligncenter size-thumbnail wp-image-769\" \/><\/a><\/p>\n<\/div><\/div><\/div><div id=\"pgc-2022-0-3\"  class=\"panel-grid-cell\" ><div id=\"panel-2022-0-3-0\" class=\"so-panel widget widget_black-studio-tinymce widget_black_studio_tinymce panel-first-child panel-last-child\" data-index=\"3\" ><div class=\"textwidget\"><p><a href=\"https:\/\/akurats.com\/wp-content\/uploads\/2015\/07\/telsts5x5konusveida_4_big.jpg\"><img src=\"https:\/\/akurats.com\/wp-content\/uploads\/2015\/07\/telsts5x5konusveida_4_big-300x200.jpg\" alt=\"telsts5x5konusveida_4_big\" width=\"300\" height=\"200\" class=\"aligncenter size-thumbnail wp-image-774\" \/><\/a><\/p>\n<\/div><\/div><\/div><\/div><div id=\"pg-2022-1\"  class=\"panel-grid panel-no-style\" ><div id=\"pgc-2022-1-0\"  class=\"panel-grid-cell\" ><div id=\"panel-2022-1-0-0\" class=\"so-panel widget widget_black-studio-tinymce widget_black_studio_tinymce panel-first-child panel-last-child\" data-index=\"4\" ><div class=\"textwidget\"><p><a href=\"https:\/\/akurats.com\/wp-content\/uploads\/2015\/07\/telsts5x5konusveida_5_big.jpg\"><img src=\"https:\/\/akurats.com\/wp-content\/uploads\/2015\/07\/telsts5x5konusveida_5_big-300x200.jpg\" alt=\"telsts5x5konusveida_5_big\" width=\"300\" height=\"200\" class=\"aligncenter size-thumbnail wp-image-779\" \/><\/a><\/p>\n<\/div><\/div><\/div><div id=\"pgc-2022-1-1\"  class=\"panel-grid-cell\" ><div id=\"panel-2022-1-1-0\" class=\"so-panel widget widget_black-studio-tinymce widget_black_studio_tinymce panel-first-child panel-last-child\" data-index=\"5\" ><div class=\"textwidget\"><p><a href=\"https:\/\/akurats.com\/wp-content\/uploads\/2015\/07\/telsts5x5konusveida_6_big.jpg\"><img src=\"https:\/\/akurats.com\/wp-content\/uploads\/2015\/07\/telsts5x5konusveida_6_big-300x200.jpg\" alt=\"telsts5x5konusveida_6_big\" width=\"300\" height=\"200\" class=\"aligncenter size-thumbnail wp-image-784\" \/><\/a><\/p>\n<\/div><\/div><\/div><div id=\"pgc-2022-1-2\"  class=\"panel-grid-cell\" ><div id=\"panel-2022-1-2-0\" class=\"so-panel widget widget_black-studio-tinymce widget_black_studio_tinymce panel-first-child panel-last-child\" data-index=\"6\" ><div class=\"textwidget\"><p><a href=\"https:\/\/akurats.com\/wp-content\/uploads\/2015\/07\/telts5x5konusveida_7_big.jpg\"><img src=\"https:\/\/akurats.com\/wp-content\/uploads\/2015\/07\/telts5x5konusveida_7_big-300x200.jpg\" alt=\"telts5x5konusveida_7_big\" width=\"300\" height=\"200\" class=\"aligncenter size-thumbnail wp-image-789\" \/><\/a><\/p>\n<\/div><\/div><\/div><div id=\"pgc-2022-1-3\"  class=\"panel-grid-cell\" ><div id=\"panel-2022-1-3-0\" class=\"so-panel widget widget_black-studio-tinymce widget_black_studio_tinymce panel-first-child panel-last-child\" data-index=\"7\" ><div class=\"textwidget\"><p><a href=\"https:\/\/akurats.com\/wp-content\/uploads\/2015\/07\/telts5x5konusveida_8_big.jpg\"><img src=\"https:\/\/akurats.com\/wp-content\/uploads\/2015\/07\/telts5x5konusveida_8_big-300x200.jpg\" alt=\"telts5x5konusveida_8_big\" width=\"300\" height=\"200\" class=\"aligncenter size-thumbnail wp-image-794\" \/><\/a><\/p>\n<\/div><\/div><\/div><\/div><div id=\"pg-2022-2\"  class=\"panel-grid panel-no-style\" ><div id=\"pgc-2022-2-0\"  class=\"panel-grid-cell\" ><div id=\"panel-2022-2-0-0\" class=\"so-panel widget widget_black-studio-tinymce widget_black_studio_tinymce panel-first-child panel-last-child\" data-index=\"8\" ><div class=\"textwidget\"><table class=\"table\">\n<thead>\n<tr class=\"active\">\n<th colspan=\"2\"><center>Tehnilised n\u00e4itajad<\/center><\/th>\n<\/tr>\n<\/thead>\n<tbody>\n<tr>\n<td>Laius<\/td>\n<td>5m<\/td>\n<\/tr>\n<tr>\n<td>Pikkus<\/td>\n<td>5m<\/td>\n<\/tr>\n<tr>\n<td>\u00c4\u00e4re k\u00f5rgus<\/td>\n<td>2,3 m<\/td>\n<\/tr>\n<tr>\n<td>Tipu k\u00f5rgus<\/td>\n<td>3,5 m<\/td>\n<\/tr>\n<tr>\n<td>\u00c4\u00e4re laius<\/td>\n<td>5 m<\/td>\n<\/tr>\n<tr>\n<td>Katte kangas<\/td>\n<td>PVC<\/td>\n<\/tr>\n<tr>\n<td>V\u00e4rv<\/td>\n<td>valge (rohelise, 300mm \u00e4\u00e4rega)<\/td>\n<\/tr>\n<tr>\n<td>Raam<\/td>\n<td>anooditud alumiiniumraam<\/td>\n<\/tr>\n<\/tbody>\n<\/table>\n<\/div><\/div><\/div><\/div><\/div>","protected":false},"excerpt":{"rendered":"<p>Tehnilised n\u00e4itajad Laius 5m Pikkus 5m \u00c4\u00e4re k\u00f5rgus 2,3 m Tipu k\u00f5rgus 3,5 m \u00c4\u00e4re laius 5 m Katte kangas PVC V\u00e4rv valge (rohelise, 300mm \u00e4\u00e4rega) Raam anooditud alumiiniumraam<\/p>\n","protected":false},"author":1,"featured_media":777,"parent":2004,"menu_order":0,"comment_status":"closed","ping_status":"closed","template":"","meta":[],"acf":[],"yoast_head":"<!-- This site is optimized with the Yoast SEO plugin v19.9 - https:\/\/yoast.com\/wordpress\/plugins\/seo\/ -->\n<title>5m x 5m koonusekujuline - Ak\u016brats<\/title>\n<meta name=\"robots\" content=\"index, follow, max-snippet:-1, max-image-preview:large, max-video-preview:-1\" \/>\n<link rel=\"canonical\" href=\"https:\/\/akurats.com\/et\/telgid\/5m-x-5m-koonusekujuline\/\" \/>\n<script type=\"application\/ld+json\" class=\"yoast-schema-graph\">{\"@context\":\"https:\/\/schema.org\",\"@graph\":[{\"@type\":\"WebPage\",\"@id\":\"https:\/\/akurats.com\/et\/telgid\/5m-x-5m-koonusekujuline\/\",\"url\":\"https:\/\/akurats.com\/et\/telgid\/5m-x-5m-koonusekujuline\/\",\"name\":\"5m x 5m koonusekujuline - Ak\u016brats\",\"isPartOf\":{\"@id\":\"https:\/\/akurats.com\/en\/#website\"},\"datePublished\":\"2015-10-12T11:06:35+00:00\",\"dateModified\":\"2015-10-13T08:56:28+00:00\",\"breadcrumb\":{\"@id\":\"https:\/\/akurats.com\/et\/telgid\/5m-x-5m-koonusekujuline\/#breadcrumb\"},\"inLanguage\":\"et\",\"potentialAction\":[{\"@type\":\"ReadAction\",\"target\":[\"https:\/\/akurats.com\/et\/telgid\/5m-x-5m-koonusekujuline\/\"]}]},{\"@type\":\"BreadcrumbList\",\"@id\":\"https:\/\/akurats.com\/et\/telgid\/5m-x-5m-koonusekujuline\/#breadcrumb\",\"itemListElement\":[{\"@type\":\"ListItem\",\"position\":1,\"name\":\"Home\",\"item\":\"https:\/\/akurats.com\/et\/\"},{\"@type\":\"ListItem\",\"position\":2,\"name\":\"Telgid\",\"item\":\"https:\/\/akurats.com\/et\/telgid\/\"},{\"@type\":\"ListItem\",\"position\":3,\"name\":\"5m x 5m koonusekujuline\"}]},{\"@type\":\"WebSite\",\"@id\":\"https:\/\/akurats.com\/en\/#website\",\"url\":\"https:\/\/akurats.com\/en\/\",\"name\":\"Akur\u0101ts\",\"description\":\"\u00fcrituste varustuse teenus\",\"publisher\":{\"@id\":\"https:\/\/akurats.com\/en\/#organization\"},\"alternateName\":\"Event equipment service\",\"potentialAction\":[{\"@type\":\"SearchAction\",\"target\":{\"@type\":\"EntryPoint\",\"urlTemplate\":\"https:\/\/akurats.com\/en\/?s={search_term_string}\"},\"query-input\":\"required name=search_term_string\"}],\"inLanguage\":\"et\"},{\"@type\":\"Organization\",\"@id\":\"https:\/\/akurats.com\/en\/#organization\",\"name\":\"Akur\u0101ts\",\"alternateName\":\"Event equipment service\",\"url\":\"https:\/\/akurats.com\/en\/\",\"logo\":{\"@type\":\"ImageObject\",\"inLanguage\":\"et\",\"@id\":\"https:\/\/akurats.com\/en\/#\/schema\/logo\/image\/\",\"url\":\"https:\/\/akurats.com\/wp-content\/uploads\/2015\/06\/A_logo.png\",\"contentUrl\":\"https:\/\/akurats.com\/wp-content\/uploads\/2015\/06\/A_logo.png\",\"width\":77,\"height\":70,\"caption\":\"Akur\u0101ts\"},\"image\":{\"@id\":\"https:\/\/akurats.com\/en\/#\/schema\/logo\/image\/\"},\"sameAs\":[\"https:\/\/www.facebook.com\/AkuratsSIA\"]}]}<\/script>\n<!-- \/ Yoast SEO plugin. -->","yoast_head_json":{"title":"5m x 5m koonusekujuline - Ak\u016brats","robots":{"index":"index","follow":"follow","max-snippet":"max-snippet:-1","max-image-preview":"max-image-preview:large","max-video-preview":"max-video-preview:-1"},"canonical":"https:\/\/akurats.com\/et\/telgid\/5m-x-5m-koonusekujuline\/","schema":{"@context":"https:\/\/schema.org","@graph":[{"@type":"WebPage","@id":"https:\/\/akurats.com\/et\/telgid\/5m-x-5m-koonusekujuline\/","url":"https:\/\/akurats.com\/et\/telgid\/5m-x-5m-koonusekujuline\/","name":"5m x 5m koonusekujuline - Ak\u016brats","isPartOf":{"@id":"https:\/\/akurats.com\/en\/#website"},"datePublished":"2015-10-12T11:06:35+00:00","dateModified":"2015-10-13T08:56:28+00:00","breadcrumb":{"@id":"https:\/\/akurats.com\/et\/telgid\/5m-x-5m-koonusekujuline\/#breadcrumb"},"inLanguage":"et","potentialAction":[{"@type":"ReadAction","target":["https:\/\/akurats.com\/et\/telgid\/5m-x-5m-koonusekujuline\/"]}]},{"@type":"BreadcrumbList","@id":"https:\/\/akurats.com\/et\/telgid\/5m-x-5m-koonusekujuline\/#breadcrumb","itemListElement":[{"@type":"ListItem","position":1,"name":"Home","item":"https:\/\/akurats.com\/et\/"},{"@type":"ListItem","position":2,"name":"Telgid","item":"https:\/\/akurats.com\/et\/telgid\/"},{"@type":"ListItem","position":3,"name":"5m x 5m koonusekujuline"}]},{"@type":"WebSite","@id":"https:\/\/akurats.com\/en\/#website","url":"https:\/\/akurats.com\/en\/","name":"Akur\u0101ts","description":"\u00fcrituste varustuse teenus","publisher":{"@id":"https:\/\/akurats.com\/en\/#organization"},"alternateName":"Event equipment service","potentialAction":[{"@type":"SearchAction","target":{"@type":"EntryPoint","urlTemplate":"https:\/\/akurats.com\/en\/?s={search_term_string}"},"query-input":"required name=search_term_string"}],"inLanguage":"et"},{"@type":"Organization","@id":"https:\/\/akurats.com\/en\/#organization","name":"Akur\u0101ts","alternateName":"Event equipment service","url":"https:\/\/akurats.com\/en\/","logo":{"@type":"ImageObject","inLanguage":"et","@id":"https:\/\/akurats.com\/en\/#\/schema\/logo\/image\/","url":"https:\/\/akurats.com\/wp-content\/uploads\/2015\/06\/A_logo.png","contentUrl":"https:\/\/akurats.com\/wp-content\/uploads\/2015\/06\/A_logo.png","width":77,"height":70,"caption":"Akur\u0101ts"},"image":{"@id":"https:\/\/akurats.com\/en\/#\/schema\/logo\/image\/"},"sameAs":["https:\/\/www.facebook.com\/AkuratsSIA"]}]}},"_links":{"self":[{"href":"https:\/\/akurats.com\/et\/wp-json\/wp\/v2\/pages\/2022"}],"collection":[{"href":"https:\/\/akurats.com\/et\/wp-json\/wp\/v2\/pages"}],"about":[{"href":"https:\/\/akurats.com\/et\/wp-json\/wp\/v2\/types\/page"}],"author":[{"embeddable":true,"href":"https:\/\/akurats.com\/et\/wp-json\/wp\/v2\/users\/1"}],"replies":[{"embeddable":true,"href":"https:\/\/akurats.com\/et\/wp-json\/wp\/v2\/comments?post=2022"}],"version-history":[{"count":1,"href":"https:\/\/akurats.com\/et\/wp-json\/wp\/v2\/pages\/2022\/revisions"}],"predecessor-version":[{"id":2023,"href":"https:\/\/akurats.com\/et\/wp-json\/wp\/v2\/pages\/2022\/revisions\/2023"}],"up":[{"embeddable":true,"href":"https:\/\/akurats.com\/et\/wp-json\/wp\/v2\/pages\/2004"}],"wp:featuredmedia":[{"embeddable":true,"href":"https:\/\/akurats.com\/et\/wp-json\/wp\/v2\/media\/777"}],"wp:attachment":[{"href":"https:\/\/akurats.com\/et\/wp-json\/wp\/v2\/media?parent=2022"}],"curies":[{"name":"wp","href":"https:\/\/api.w.org\/{rel}","templated":true}]}}