{"id":2006,"date":"2015-10-12T10:35:38","date_gmt":"2015-10-12T10:35:38","guid":{"rendered":"https:\/\/akurats.com\/?page_id=2006"},"modified":"2018-09-10T12:39:48","modified_gmt":"2018-09-10T12:39:48","slug":"telk-taht","status":"publish","type":"page","link":"https:\/\/akurats.com\/et\/telgid\/telk-taht\/","title":{"rendered":"Telk T\u00c4HT"},"content":{"rendered":"<div id=\"pl-2006\"  class=\"panel-layout\" ><div id=\"pg-2006-0\"  class=\"panel-grid panel-no-style\" ><div id=\"pgc-2006-0-0\"  class=\"panel-grid-cell\" ><div id=\"panel-2006-0-0-0\" class=\"so-panel widget widget_black-studio-tinymce widget_black_studio_tinymce panel-first-child panel-last-child\" data-index=\"0\" ><div class=\"textwidget\"><p><a href=\"https:\/\/akurats.com\/wp-content\/uploads\/2018\/09\/zvaigzne-dzeltena-peleka.jpeg\"><img src=\"https:\/\/akurats.com\/wp-content\/uploads\/2018\/09\/zvaigzne-dzeltena-peleka-300x200.jpeg\" alt=\"\" width=\"300\" height=\"200\" class=\"aligncenter size-thumbnail wp-image-1048\" \/><\/a><\/p>\n<\/div><\/div><\/div><div id=\"pgc-2006-0-1\"  class=\"panel-grid-cell\" ><div id=\"panel-2006-0-1-0\" class=\"so-panel widget widget_black-studio-tinymce widget_black_studio_tinymce panel-first-child panel-last-child\" data-index=\"1\" ><div class=\"textwidget\"><p><a href=\"https:\/\/akurats.com\/wp-content\/uploads\/2015\/07\/zvaigzne3_big.jpg\"><img src=\"https:\/\/akurats.com\/wp-content\/uploads\/2015\/07\/zvaigzne3_big-300x200.jpg\" alt=\"zvaigzne3_big\" width=\"300\" height=\"200\" class=\"aligncenter size-thumbnail wp-image-1053\" \/><\/a><\/p>\n<\/div><\/div><\/div><div id=\"pgc-2006-0-2\"  class=\"panel-grid-cell\" ><div id=\"panel-2006-0-2-0\" class=\"so-panel widget widget_black-studio-tinymce widget_black_studio_tinymce panel-first-child panel-last-child\" data-index=\"2\" ><div class=\"textwidget\"><p><a href=\"https:\/\/akurats.com\/wp-content\/uploads\/2018\/09\/IMG-20160620-WA0002.jpg\"><img src=\"https:\/\/akurats.com\/wp-content\/uploads\/2018\/09\/IMG-20160620-WA0002-300x200.jpg\" alt=\"\" width=\"300\" height=\"200\" class=\"aligncenter size-thumbnail wp-image-1048\" \/><\/a><\/p>\n<\/div><\/div><\/div><div id=\"pgc-2006-0-3\"  class=\"panel-grid-cell\" ><div id=\"panel-2006-0-3-0\" class=\"so-panel widget widget_black-studio-tinymce widget_black_studio_tinymce panel-first-child panel-last-child\" data-index=\"3\" ><div class=\"textwidget\"><p><a href=\"https:\/\/akurats.com\/wp-content\/uploads\/2015\/07\/zvaigzne1_big.jpg\"><img src=\"https:\/\/akurats.com\/wp-content\/uploads\/2015\/07\/zvaigzne1_big-300x200.jpg\" alt=\"zvaigzne1_big\" width=\"300\" height=\"200\" class=\"aligncenter size-thumbnail wp-image-1043\" \/><\/a><\/p>\n<\/div><\/div><\/div><\/div><div id=\"pg-2006-1\"  class=\"panel-grid panel-no-style\" ><div id=\"pgc-2006-1-0\"  class=\"panel-grid-cell\" ><div id=\"panel-2006-1-0-0\" class=\"so-panel widget widget_black-studio-tinymce widget_black_studio_tinymce panel-first-child panel-last-child\" data-index=\"4\" ><div class=\"textwidget\"><p>Atraktiivne, elegante, ere ja h\u00e4sti v\u00e4ljapaistev telk \u201eT\u00c4HT\u201d saab kindlasti olema teie \u00fcrituse \u00fcheks t\u00f5mbenumber. Antud telk sobib suurep\u00e4raselt aiapidude, spordim\u00e4ngude, muusika-ja spordiv\u00f5istluste korraldamiseks. Telgi ere v\u00e4rv ja tavap\u00e4rasest erinev kuju saab t\u00f5mbenumbriks nii aias, lageda p\u00f5llu peal, kui majaesisel kodumurul!<\/p>\n<p lang=\"en-GB\"><strong>Telgi montaa\u017e:<\/strong><\/p>\n<p>Telgi T\u00c4HT montaa\u017ei ja demontaa\u017ei v\u00f5ib klient teostada iseseisvalt ning antud telgi tarnet ei teostata. Klient peab telgi kaasa v\u00f5tma osa\u00fchingu Akur\u0101ts Riias asuvast laost, Duntes 34. Palume telk laost kaasa v\u00f5tta t\u00f6\u00f6p\u00e4eviti 8:00 -17:00. K\u00fcsimuste korral helistage telefonile 26338888. Telgi kinnitamine toimub kuue 80 cm pikkuse pika naelaga.<\/p>\n<p>\u00a0<\/p>\n<table class=\"table\">\n<thead>\n<tr class=\"active\">\n<th colspan=\"2\"><center>Tehnilised n\u00e4itajad<\/center><\/th>\n<\/tr>\n<\/thead>\n<tbody>\n<tr>\n<td>Telgi k\u00f5rgus<\/td>\n<td>5,21m<\/td>\n<\/tr>\n<tr>\n<td>Kaetud kasulik pind<\/td>\n<td>50m\u00b2<\/td>\n<\/tr>\n<tr>\n<td>\u00dclespanemisaeg<\/td>\n<td>15 min.<\/td>\n<\/tr>\n<tr>\n<td>V\u00e4rv<\/td>\n<td>hall\/kollane<\/td>\n<\/tr>\n<tr>\n<td>Kangas<\/td>\n<td>PVC<\/td>\n<\/tr>\n<tr>\n<td>M\u00f5\u00f5dud<\/td>\n<td>16x16m<\/td>\n<\/tr>\n<tr>\n<td>Telgi m\u00f5\u00f5dud transportimisel<\/td>\n<td>PVC kangas 1m\u00b2<\/td>\n<\/tr>\n<tr>\n<td>Keskvarras<\/td>\n<td>1,75m, 3tk.<\/td>\n<\/tr>\n<\/tbody>\n<\/table>\n<\/div><\/div><\/div><\/div><\/div>","protected":false},"excerpt":{"rendered":"<p>Atraktiivne, elegante, ere ja h\u00e4sti v\u00e4ljapaistev telk \u201eT\u00c4HT\u201d saab kindlasti olema teie \u00fcrituse \u00fcheks t\u00f5mbenumber. Antud telk sobib suurep\u00e4raselt aiapidude, spordim\u00e4ngude, muusika-ja spordiv\u00f5istluste korraldamiseks. Telgi ere v\u00e4rv ja tavap\u00e4rasest erinev kuju saab t\u00f5mbenumbriks nii aias, lageda p\u00f5llu peal, kui majaesisel kodumurul!Telgi montaa\u017e:Telgi T\u00c4HT montaa\u017ei ja demontaa\u017ei v\u00f5ib klient teostada iseseisvalt ning antud telgi tarnet ei &hellip;<\/p>\n","protected":false},"author":1,"featured_media":3595,"parent":2004,"menu_order":0,"comment_status":"closed","ping_status":"closed","template":"","meta":[],"acf":[],"yoast_head":"<!-- This site is optimized with the Yoast SEO plugin v19.9 - https:\/\/yoast.com\/wordpress\/plugins\/seo\/ -->\n<title>Telk T\u00c4HT - Ak\u016brats<\/title>\n<meta name=\"robots\" content=\"index, follow, max-snippet:-1, max-image-preview:large, max-video-preview:-1\" \/>\n<link rel=\"canonical\" href=\"https:\/\/akurats.com\/et\/telgid\/telk-taht\/\" \/>\n<meta name=\"twitter:label1\" content=\"Est. reading time\" \/>\n\t<meta name=\"twitter:data1\" content=\"1 minute\" \/>\n<script type=\"application\/ld+json\" class=\"yoast-schema-graph\">{\"@context\":\"https:\/\/schema.org\",\"@graph\":[{\"@type\":\"WebPage\",\"@id\":\"https:\/\/akurats.com\/et\/telgid\/telk-taht\/\",\"url\":\"https:\/\/akurats.com\/et\/telgid\/telk-taht\/\",\"name\":\"Telk T\u00c4HT - Ak\u016brats\",\"isPartOf\":{\"@id\":\"https:\/\/akurats.com\/en\/#website\"},\"datePublished\":\"2015-10-12T10:35:38+00:00\",\"dateModified\":\"2018-09-10T12:39:48+00:00\",\"breadcrumb\":{\"@id\":\"https:\/\/akurats.com\/et\/telgid\/telk-taht\/#breadcrumb\"},\"inLanguage\":\"et\",\"potentialAction\":[{\"@type\":\"ReadAction\",\"target\":[\"https:\/\/akurats.com\/et\/telgid\/telk-taht\/\"]}]},{\"@type\":\"BreadcrumbList\",\"@id\":\"https:\/\/akurats.com\/et\/telgid\/telk-taht\/#breadcrumb\",\"itemListElement\":[{\"@type\":\"ListItem\",\"position\":1,\"name\":\"Home\",\"item\":\"https:\/\/akurats.com\/et\/\"},{\"@type\":\"ListItem\",\"position\":2,\"name\":\"Telgid\",\"item\":\"https:\/\/akurats.com\/et\/telgid\/\"},{\"@type\":\"ListItem\",\"position\":3,\"name\":\"Telk T\u00c4HT\"}]},{\"@type\":\"WebSite\",\"@id\":\"https:\/\/akurats.com\/en\/#website\",\"url\":\"https:\/\/akurats.com\/en\/\",\"name\":\"Akur\u0101ts\",\"description\":\"\u00fcrituste varustuse teenus\",\"publisher\":{\"@id\":\"https:\/\/akurats.com\/en\/#organization\"},\"alternateName\":\"Event equipment service\",\"potentialAction\":[{\"@type\":\"SearchAction\",\"target\":{\"@type\":\"EntryPoint\",\"urlTemplate\":\"https:\/\/akurats.com\/en\/?s={search_term_string}\"},\"query-input\":\"required name=search_term_string\"}],\"inLanguage\":\"et\"},{\"@type\":\"Organization\",\"@id\":\"https:\/\/akurats.com\/en\/#organization\",\"name\":\"Akur\u0101ts\",\"alternateName\":\"Event equipment service\",\"url\":\"https:\/\/akurats.com\/en\/\",\"logo\":{\"@type\":\"ImageObject\",\"inLanguage\":\"et\",\"@id\":\"https:\/\/akurats.com\/en\/#\/schema\/logo\/image\/\",\"url\":\"https:\/\/akurats.com\/wp-content\/uploads\/2015\/06\/A_logo.png\",\"contentUrl\":\"https:\/\/akurats.com\/wp-content\/uploads\/2015\/06\/A_logo.png\",\"width\":77,\"height\":70,\"caption\":\"Akur\u0101ts\"},\"image\":{\"@id\":\"https:\/\/akurats.com\/en\/#\/schema\/logo\/image\/\"},\"sameAs\":[\"https:\/\/www.facebook.com\/AkuratsSIA\"]}]}<\/script>\n<!-- \/ Yoast SEO plugin. -->","yoast_head_json":{"title":"Telk T\u00c4HT - Ak\u016brats","robots":{"index":"index","follow":"follow","max-snippet":"max-snippet:-1","max-image-preview":"max-image-preview:large","max-video-preview":"max-video-preview:-1"},"canonical":"https:\/\/akurats.com\/et\/telgid\/telk-taht\/","twitter_misc":{"Est. reading time":"1 minute"},"schema":{"@context":"https:\/\/schema.org","@graph":[{"@type":"WebPage","@id":"https:\/\/akurats.com\/et\/telgid\/telk-taht\/","url":"https:\/\/akurats.com\/et\/telgid\/telk-taht\/","name":"Telk T\u00c4HT - Ak\u016brats","isPartOf":{"@id":"https:\/\/akurats.com\/en\/#website"},"datePublished":"2015-10-12T10:35:38+00:00","dateModified":"2018-09-10T12:39:48+00:00","breadcrumb":{"@id":"https:\/\/akurats.com\/et\/telgid\/telk-taht\/#breadcrumb"},"inLanguage":"et","potentialAction":[{"@type":"ReadAction","target":["https:\/\/akurats.com\/et\/telgid\/telk-taht\/"]}]},{"@type":"BreadcrumbList","@id":"https:\/\/akurats.com\/et\/telgid\/telk-taht\/#breadcrumb","itemListElement":[{"@type":"ListItem","position":1,"name":"Home","item":"https:\/\/akurats.com\/et\/"},{"@type":"ListItem","position":2,"name":"Telgid","item":"https:\/\/akurats.com\/et\/telgid\/"},{"@type":"ListItem","position":3,"name":"Telk T\u00c4HT"}]},{"@type":"WebSite","@id":"https:\/\/akurats.com\/en\/#website","url":"https:\/\/akurats.com\/en\/","name":"Akur\u0101ts","description":"\u00fcrituste varustuse teenus","publisher":{"@id":"https:\/\/akurats.com\/en\/#organization"},"alternateName":"Event equipment service","potentialAction":[{"@type":"SearchAction","target":{"@type":"EntryPoint","urlTemplate":"https:\/\/akurats.com\/en\/?s={search_term_string}"},"query-input":"required name=search_term_string"}],"inLanguage":"et"},{"@type":"Organization","@id":"https:\/\/akurats.com\/en\/#organization","name":"Akur\u0101ts","alternateName":"Event equipment service","url":"https:\/\/akurats.com\/en\/","logo":{"@type":"ImageObject","inLanguage":"et","@id":"https:\/\/akurats.com\/en\/#\/schema\/logo\/image\/","url":"https:\/\/akurats.com\/wp-content\/uploads\/2015\/06\/A_logo.png","contentUrl":"https:\/\/akurats.com\/wp-content\/uploads\/2015\/06\/A_logo.png","width":77,"height":70,"caption":"Akur\u0101ts"},"image":{"@id":"https:\/\/akurats.com\/en\/#\/schema\/logo\/image\/"},"sameAs":["https:\/\/www.facebook.com\/AkuratsSIA"]}]}},"_links":{"self":[{"href":"https:\/\/akurats.com\/et\/wp-json\/wp\/v2\/pages\/2006"}],"collection":[{"href":"https:\/\/akurats.com\/et\/wp-json\/wp\/v2\/pages"}],"about":[{"href":"https:\/\/akurats.com\/et\/wp-json\/wp\/v2\/types\/page"}],"author":[{"embeddable":true,"href":"https:\/\/akurats.com\/et\/wp-json\/wp\/v2\/users\/1"}],"replies":[{"embeddable":true,"href":"https:\/\/akurats.com\/et\/wp-json\/wp\/v2\/comments?post=2006"}],"version-history":[{"count":4,"href":"https:\/\/akurats.com\/et\/wp-json\/wp\/v2\/pages\/2006\/revisions"}],"predecessor-version":[{"id":3605,"href":"https:\/\/akurats.com\/et\/wp-json\/wp\/v2\/pages\/2006\/revisions\/3605"}],"up":[{"embeddable":true,"href":"https:\/\/akurats.com\/et\/wp-json\/wp\/v2\/pages\/2004"}],"wp:featuredmedia":[{"embeddable":true,"href":"https:\/\/akurats.com\/et\/wp-json\/wp\/v2\/media\/3595"}],"wp:attachment":[{"href":"https:\/\/akurats.com\/et\/wp-json\/wp\/v2\/media?parent=2006"}],"curies":[{"name":"wp","href":"https:\/\/api.w.org\/{rel}","templated":true}]}}