{"id":2004,"date":"2015-10-12T10:32:29","date_gmt":"2015-10-12T10:32:29","guid":{"rendered":"https:\/\/akurats.com\/?page_id=2004"},"modified":"2018-09-11T07:41:52","modified_gmt":"2018-09-11T07:41:52","slug":"telgid","status":"publish","type":"page","link":"https:\/\/akurats.com\/et\/telgid\/","title":{"rendered":"Telgid"},"content":{"rendered":"<div id=\"pl-2004\"  class=\"panel-layout\" ><div id=\"pg-2004-0\"  class=\"panel-grid panel-no-style\" ><div id=\"pgc-2004-0-0\"  class=\"panel-grid-cell\" ><div id=\"panel-2004-0-0-0\" class=\"so-panel widget widget_black-studio-tinymce widget_black_studio_tinymce panel-first-child panel-last-child\" data-index=\"0\" ><div class=\"textwidget\"><div id=\"content_text\">\n<p><b>Raske valida kelle telkide renditeenust kasutada? V\u00f5id kindel olla, et Akurats telgid on parim valik \u00f5nnestunud s\u00fcndmuseks!<\/b><\/p>\n<p>Leia enda s\u00fcndmuse jaoks sobiv telk ja telgi rent Akurats ei vea sind alt! Meie tegevusalaks on erinevate telkide laenutus. Tootevalikus on 10 erit\u00fc\u00fcpi telki, mida on v\u00f5imalik kohandada ja komplekteerida vastavalt Teie soovidele. T\u00e4nu mitmek\u00fclgsele telkide valikule, leiab iga\u00fcks endale sobiva telgi. Akurats.com telkide rentimine on v\u00f5imalik k\u00f5ikides Balti riikides.<\/p>\n<ul>\n<li>Meie telgid<\/li>\n<\/ul>\n<p>Meie telkide laenutus teeb k\u00f5ik endast oleneva, et sinu s\u00fcndmus sujuks plaanip\u00e4raselt. V\u00f5id olla kindel, et k\u00f5ik meie telgid on kvaliteetsed ja vastupidavad.<\/p>\n<ul>\n<ul>\n<li>Korraldad suvep\u00e4evi v\u00f5i muusika\u00fcritus ja soovid, et sinu telki oleks lihtne m\u00e4rgata ja see oleks silmatorkav \u2013 siis telli telk T\u00c4HT;<\/li>\n<li>Kui oled h\u00e4das vajaliku telgi suuruse valikuga, p\u00f6\u00f6rdu julgelt meie spetsialistide poole;<\/li>\n<li>Telgi rent tagab \u00fcrituse \u00f5nnestumise iga ilmaga.<\/li>\n<\/ul>\n<\/ul>\n<ul>\n<li>Lisad<\/li>\n<\/ul>\n<p>Selleks, et \u00fcritus sujuks laitmatult, veendu, et sinu telgi rent sisaldaks ka meie poolt pakutavaid lisasid \u2013 puitp\u00f5rand v\u00f5i plastmassp\u00f5rand, valgustid, soojendid, lava.<\/p>\n<ul>\n<ul>\n<li>Kui \u00fcrituse n\u00e4ol on tegu n\u00e4iteks pulmadega v\u00f5i kavas on aktiivsed tegevused ja seltskonnam\u00e4ngud, on parimaks lisaks n\u00e4iteks puitp\u00f5rand, mis kannatab v\u00e4lja ka kontsakingad;<\/li>\n<li>Juhul kui tegemist on rahulikuma \u00fcritusega nagu n\u00e4itus, tooteesitlus v\u00f5i pidulik l\u00f5una, siis sobib murukatteks plastmassp\u00f5rand paremini kui puitp\u00f5rand;<\/li>\n<li>\u00d5htuste ja k\u00fclmemal ajal toimuvate s\u00fcndmuste l\u00e4biviimisel tasub lisaks m\u00f5elda ka valgustite ja k\u00fcttekehade vajaduse peale;<\/li>\n<li>Kui plaanid suvist \u00fcritust \u2013 vali nende telkide vahelt, millele saab tekitada aknaid, et p\u00e4evavalgus sisse lasta;<\/li>\n<li>Talvisele \u00fcritusele tuleks kindlasti tellida puitp\u00f5rand, mis on k\u00fclma ilmaga vastupidavam;<\/li>\n<li>\u00dcritustel, kus on plaanitud ka esinejad, m\u00f5tle kindlasti sellele, et esineja oleks k\u00f5igile n\u00e4htav \u2013 vajadusel saad meie juurest tellida ka lava.<\/li>\n<\/ul>\n<\/ul>\n<ul>\n<li>Telkide rentimine<\/li>\n<\/ul>\n<p>Telkide rentimine meie juurest on v\u00e4ga lihtne. Tutvu meie telkide m\u00f5\u00f5tmete ja tingimustega ning vali enda s\u00fcndmusele sobiv telk v\u00f5i telgid. Seej\u00e4rel t\u00e4ida tellimisvorm ja me v\u00f5tame sinuga \u00fchendust, et \u00fcle t\u00e4psustada k\u00f5ik detailid ja v\u00e4ltida hilisemaid arusaamatusi.<\/p>\n<ul>\n<ul>\n<li>Kui sa ei ole kindel, milline telk sinu \u00fcritusele k\u00f5ige paremini sobib, loe KKK rubriiki, kust leiad kindlasti vastuseid oma k\u00fcsimustele;<\/li>\n<li>Kui soovid detailsemat infot telkide kohta, v\u00f5ta julgelt meiega \u00fchendust telefoni v\u00f5i e-posti teel;<\/li>\n<li>Telkide rent v\u00e4ljaspool Riia linna ei sisalda transpordi kulusid.<\/li>\n<li>Soovid ise vastutada selle eest, et telgid oleks kohal \u00f5igel ajal \u2013 vali oma \u00fcrituseks meie telkide seast k\u00f5ige v\u00e4iksem 3\u00d73 telk v\u00f5i telk T\u00c4HT ja saad sellele j\u00e4rgi tulla endale mugaval ajal ja telgi ise \u00fcles panna.<\/li>\n<\/ul>\n<\/ul>\n<p>Tee oma valik meie telkide seast ja sa ei pettu!<\/p>\n<\/div>\n<\/div><\/div><\/div><\/div><div id=\"pg-2004-1\"  class=\"panel-grid panel-no-style\" ><div id=\"pgc-2004-1-0\"  class=\"panel-grid-cell\" ><div id=\"panel-2004-1-0-0\" class=\"so-panel widget widget_pw_featured_page widget-featured-page panel-first-child\" data-index=\"1\" >\n\n\t<div class=\"page-box  page-box--block\">\n\t\t\t<a class=\"page-box__picture\" href=\"https:\/\/akurats.com\/et\/telgid\/3m-x-3m\/\"><img src=\"https:\/\/akurats.com\/wp-content\/uploads\/2018\/09\/3x3-sarkana-4-320x240.jpeg\" width=\"320\" height=\"240\" sizes=\"(min-width: 992px) 360px, calc(100vw - 30px)\" class=\"wp-post-image\" alt=\"3m x 3m\"><\/a>\n\t\t<div class=\"page-box__content\">\n\t\t\t<h5 class=\"page-box__title  text-uppercase\"><a href=\"https:\/\/akurats.com\/et\/telgid\/3m-x-3m\/\">3m x 3m<\/a><\/h5>\n\t\t\t<p><\/p>\n\t\t\t\t<p><a href=\"https:\/\/akurats.com\/et\/telgid\/3m-x-3m\/\" class=\"read-more  read-more--page-box\">Read more<\/a><\/p>\n\t\t<\/div>\n\t<\/div>\n\n<\/div><div id=\"panel-2004-1-0-1\" class=\"so-panel widget widget_pw_featured_page widget-featured-page\" data-index=\"2\" >\n\n\t<div class=\"page-box  page-box--block\">\n\t\t\t<a class=\"page-box__picture\" href=\"https:\/\/akurats.com\/et\/telgid\/5m-x-5m\/\"><img src=\"https:\/\/akurats.com\/wp-content\/uploads\/2015\/07\/5x5m-klasika-6-320x240.jpg\" width=\"320\" height=\"240\" sizes=\"(min-width: 992px) 360px, calc(100vw - 30px)\" class=\"wp-post-image\" alt=\"5m x 5m\"><\/a>\n\t\t<div class=\"page-box__content\">\n\t\t\t<h5 class=\"page-box__title  text-uppercase\"><a href=\"https:\/\/akurats.com\/et\/telgid\/5m-x-5m\/\">5m x 5m<\/a><\/h5>\n\t\t\t<p><\/p>\n\t\t\t\t<p><a href=\"https:\/\/akurats.com\/et\/telgid\/5m-x-5m\/\" class=\"read-more  read-more--page-box\">Read more<\/a><\/p>\n\t\t<\/div>\n\t<\/div>\n\n<\/div><div id=\"panel-2004-1-0-2\" class=\"so-panel widget widget_pw_featured_page widget-featured-page panel-last-child\" data-index=\"3\" >\n\n\t<div class=\"page-box  page-box--block\">\n\t\t\t<a class=\"page-box__picture\" href=\"https:\/\/akurats.com\/et\/telgid\/5m-x-5m-koonusekujuline\/\"><img src=\"https:\/\/akurats.com\/wp-content\/uploads\/2015\/07\/telsts5x5konusveida_4_big.jpg\" width=\"250\" height=\"160\" sizes=\"(min-width: 992px) 360px, calc(100vw - 30px)\" class=\"wp-post-image\" alt=\"5m x 5m koonusekujuline\"><\/a>\n\t\t<div class=\"page-box__content\">\n\t\t\t<h5 class=\"page-box__title  text-uppercase\"><a href=\"https:\/\/akurats.com\/et\/telgid\/5m-x-5m-koonusekujuline\/\">5m x 5m koonusekujuline<\/a><\/h5>\n\t\t\t<p><\/p>\n\t\t\t\t<p><a href=\"https:\/\/akurats.com\/et\/telgid\/5m-x-5m-koonusekujuline\/\" class=\"read-more  read-more--page-box\">Read more<\/a><\/p>\n\t\t<\/div>\n\t<\/div>\n\n<\/div><\/div><div id=\"pgc-2004-1-1\"  class=\"panel-grid-cell\" ><div id=\"panel-2004-1-1-0\" class=\"so-panel widget widget_pw_featured_page widget-featured-page panel-first-child\" data-index=\"4\" >\n\n\t<div class=\"page-box  page-box--block\">\n\t\t\t<a class=\"page-box__picture\" href=\"https:\/\/akurats.com\/et\/telgid\/10m-x-15m\/\"><img src=\"https:\/\/akurats.com\/wp-content\/uploads\/2015\/07\/10x10m_3m-1-320x240.jpg\" width=\"320\" height=\"240\" sizes=\"(min-width: 992px) 360px, calc(100vw - 30px)\" class=\"wp-post-image\" alt=\"10m x 15m\"><\/a>\n\t\t<div class=\"page-box__content\">\n\t\t\t<h5 class=\"page-box__title  text-uppercase\"><a href=\"https:\/\/akurats.com\/et\/telgid\/10m-x-15m\/\">10m x 15m<\/a><\/h5>\n\t\t\t<p><\/p>\n\t\t\t\t<p><a href=\"https:\/\/akurats.com\/et\/telgid\/10m-x-15m\/\" class=\"read-more  read-more--page-box\">Read more<\/a><\/p>\n\t\t<\/div>\n\t<\/div>\n\n<\/div><div id=\"panel-2004-1-1-1\" class=\"so-panel widget widget_pw_featured_page widget-featured-page\" data-index=\"5\" >\n\n\t<div class=\"page-box  page-box--block\">\n\t\t\t<a class=\"page-box__picture\" href=\"https:\/\/akurats.com\/et\/telgid\/10m-x-20m\/\"><img src=\"https:\/\/akurats.com\/wp-content\/uploads\/2015\/07\/telts10x20_2_big-320x240.jpg\" width=\"320\" height=\"240\" sizes=\"(min-width: 992px) 360px, calc(100vw - 30px)\" class=\"wp-post-image\" alt=\"10m x 20m\"><\/a>\n\t\t<div class=\"page-box__content\">\n\t\t\t<h5 class=\"page-box__title  text-uppercase\"><a href=\"https:\/\/akurats.com\/et\/telgid\/10m-x-20m\/\">10m x 20m<\/a><\/h5>\n\t\t\t<p><\/p>\n\t\t\t\t<p><a href=\"https:\/\/akurats.com\/et\/telgid\/10m-x-20m\/\" class=\"read-more  read-more--page-box\">Read more<\/a><\/p>\n\t\t<\/div>\n\t<\/div>\n\n<\/div><div id=\"panel-2004-1-1-2\" class=\"so-panel widget widget_pw_featured_page widget-featured-page panel-last-child\" data-index=\"6\" >\n\n\t<div class=\"page-box  page-box--block\">\n\t\t\t<a class=\"page-box__picture\" href=\"https:\/\/akurats.com\/et\/telgid\/10m-x-50m\/\"><img src=\"https:\/\/akurats.com\/wp-content\/uploads\/2015\/07\/telts10x50_sm-320x240.jpg\" width=\"320\" height=\"240\" sizes=\"(min-width: 992px) 360px, calc(100vw - 30px)\" class=\"wp-post-image\" alt=\"10m x 50m\"><\/a>\n\t\t<div class=\"page-box__content\">\n\t\t\t<h5 class=\"page-box__title  text-uppercase\"><a href=\"https:\/\/akurats.com\/et\/telgid\/10m-x-50m\/\">10m x 50m<\/a><\/h5>\n\t\t\t<p><\/p>\n\t\t\t\t<p><a href=\"https:\/\/akurats.com\/et\/telgid\/10m-x-50m\/\" class=\"read-more  read-more--page-box\">Read more<\/a><\/p>\n\t\t<\/div>\n\t<\/div>\n\n<\/div><\/div><div id=\"pgc-2004-1-2\"  class=\"panel-grid-cell\" ><div id=\"panel-2004-1-2-0\" class=\"so-panel widget widget_pw_featured_page widget-featured-page panel-first-child\" data-index=\"7\" >\n\n\t<div class=\"page-box  page-box--block\">\n\t\t\t<a class=\"page-box__picture\" href=\"https:\/\/akurats.com\/et\/telgid\/10m-x-60m\/\"><img src=\"https:\/\/akurats.com\/wp-content\/uploads\/2015\/07\/telts10x60_17_big-320x240.jpg\" width=\"320\" height=\"240\" sizes=\"(min-width: 992px) 360px, calc(100vw - 30px)\" class=\"wp-post-image\" alt=\"10m x 60m\"><\/a>\n\t\t<div class=\"page-box__content\">\n\t\t\t<h5 class=\"page-box__title  text-uppercase\"><a href=\"https:\/\/akurats.com\/et\/telgid\/10m-x-60m\/\">10m x 60m<\/a><\/h5>\n\t\t\t<p><\/p>\n\t\t\t\t<p><a href=\"https:\/\/akurats.com\/et\/telgid\/10m-x-60m\/\" class=\"read-more  read-more--page-box\">Read more<\/a><\/p>\n\t\t<\/div>\n\t<\/div>\n\n<\/div><div id=\"panel-2004-1-2-1\" class=\"so-panel widget widget_pw_featured_page widget-featured-page\" data-index=\"8\" >\n\n\t<div class=\"page-box  page-box--block\">\n\t\t\t<a class=\"page-box__picture\" href=\"https:\/\/akurats.com\/et\/telgid\/12m-x-50m\/\"><img src=\"https:\/\/akurats.com\/wp-content\/uploads\/2015\/07\/telts_12x50_30_big-320x240.jpg\" width=\"320\" height=\"240\" sizes=\"(min-width: 992px) 360px, calc(100vw - 30px)\" class=\"wp-post-image\" alt=\"12m x 50m\"><\/a>\n\t\t<div class=\"page-box__content\">\n\t\t\t<h5 class=\"page-box__title  text-uppercase\"><a href=\"https:\/\/akurats.com\/et\/telgid\/12m-x-50m\/\">12m x 50m<\/a><\/h5>\n\t\t\t<p><\/p>\n\t\t\t\t<p><a href=\"https:\/\/akurats.com\/et\/telgid\/12m-x-50m\/\" class=\"read-more  read-more--page-box\">Read more<\/a><\/p>\n\t\t<\/div>\n\t<\/div>\n\n<\/div><div id=\"panel-2004-1-2-2\" class=\"so-panel widget widget_pw_featured_page widget-featured-page panel-last-child\" data-index=\"9\" >\n\n\t<div class=\"page-box  page-box--block\">\n\t\t\t<a class=\"page-box__picture\" href=\"https:\/\/akurats.com\/et\/telgid\/20m-x-25m\/\"><img src=\"https:\/\/akurats.com\/wp-content\/uploads\/2015\/07\/stikla-paneli-320x240.jpg\" width=\"320\" height=\"240\" sizes=\"(min-width: 992px) 360px, calc(100vw - 30px)\" class=\"wp-post-image\" alt=\"20m x 25m\"><\/a>\n\t\t<div class=\"page-box__content\">\n\t\t\t<h5 class=\"page-box__title  text-uppercase\"><a href=\"https:\/\/akurats.com\/et\/telgid\/20m-x-25m\/\">20m x 25m<\/a><\/h5>\n\t\t\t<p><\/p>\n\t\t\t\t<p><a href=\"https:\/\/akurats.com\/et\/telgid\/20m-x-25m\/\" class=\"read-more  read-more--page-box\">Read more<\/a><\/p>\n\t\t<\/div>\n\t<\/div>\n\n<\/div><\/div><div id=\"pgc-2004-1-3\"  class=\"panel-grid-cell\" ><div id=\"panel-2004-1-3-0\" class=\"so-panel widget widget_pw_featured_page widget-featured-page panel-first-child\" data-index=\"10\" >\n\n\t<div class=\"page-box  page-box--block\">\n\t\t\t<a class=\"page-box__picture\" href=\"https:\/\/akurats.com\/et\/telgid\/20m-x-75m\/\"><img src=\"https:\/\/akurats.com\/wp-content\/uploads\/2015\/07\/telts20x75_20_big-320x240.jpg\" width=\"320\" height=\"240\" sizes=\"(min-width: 992px) 360px, calc(100vw - 30px)\" class=\"wp-post-image\" alt=\"20m x 75m\"><\/a>\n\t\t<div class=\"page-box__content\">\n\t\t\t<h5 class=\"page-box__title  text-uppercase\"><a href=\"https:\/\/akurats.com\/et\/telgid\/20m-x-75m\/\">20m x 75m<\/a><\/h5>\n\t\t\t<p><\/p>\n\t\t\t\t<p><a href=\"https:\/\/akurats.com\/et\/telgid\/20m-x-75m\/\" class=\"read-more  read-more--page-box\">Read more<\/a><\/p>\n\t\t<\/div>\n\t<\/div>\n\n<\/div><div id=\"panel-2004-1-3-1\" class=\"so-panel widget widget_pw_featured_page widget-featured-page panel-last-child\" data-index=\"11\" >\n\n\t<div class=\"page-box  page-box--block\">\n\t\t\t<a class=\"page-box__picture\" href=\"https:\/\/akurats.com\/et\/telgid\/telk-taht\/\"><img src=\"https:\/\/akurats.com\/wp-content\/uploads\/2018\/09\/zvaigzne-dzeltena-peleka-320x240.jpeg\" width=\"320\" height=\"240\" sizes=\"(min-width: 992px) 360px, calc(100vw - 30px)\" class=\"wp-post-image\" alt=\"Telk T\u00c4HT\"><\/a>\n\t\t<div class=\"page-box__content\">\n\t\t\t<h5 class=\"page-box__title  text-uppercase\"><a href=\"https:\/\/akurats.com\/et\/telgid\/telk-taht\/\">Telk T\u00c4HT<\/a><\/h5>\n\t\t\t<p><\/p>\n\t\t\t\t<p><a href=\"https:\/\/akurats.com\/et\/telgid\/telk-taht\/\" class=\"read-more  read-more--page-box\">Read more<\/a><\/p>\n\t\t<\/div>\n\t<\/div>\n\n<\/div><\/div><\/div><\/div>","protected":false},"excerpt":{"rendered":"<p>Raske valida kelle telkide renditeenust kasutada? V\u00f5id kindel olla, et Akurats telgid on parim valik \u00f5nnestunud s\u00fcndmuseks!Leia enda s\u00fcndmuse jaoks sobiv telk ja telgi rent Akurats ei vea sind alt! Meie tegevusalaks on erinevate telkide laenutus. Tootevalikus on 10 erit\u00fc\u00fcpi telki, mida on v\u00f5imalik kohandada ja komplekteerida vastavalt Teie soovidele. T\u00e4nu mitmek\u00fclgsele telkide valikule, leiab &hellip;<\/p>\n","protected":false},"author":1,"featured_media":578,"parent":0,"menu_order":0,"comment_status":"closed","ping_status":"closed","template":"","meta":[],"acf":[],"yoast_head":"<!-- This site is optimized with the Yoast SEO plugin v19.9 - https:\/\/yoast.com\/wordpress\/plugins\/seo\/ -->\n<title>Kvaliteetsete telkide rent k\u00f5ikides Balti riikides | Akurats<\/title>\n<meta name=\"description\" content=\"Tutvu meie telkidega \u2013 valikus suuremad ja v\u00e4iksemad, erikujude ja -omadustega telgid, telkide inventar ja muu vajalik \u00f5nnestunud \u00fcrituse jaoks\" \/>\n<meta name=\"robots\" content=\"index, follow, max-snippet:-1, max-image-preview:large, max-video-preview:-1\" \/>\n<link rel=\"canonical\" href=\"https:\/\/akurats.com\/et\/telgid\/\" \/>\n<meta name=\"twitter:label1\" content=\"Est. reading time\" \/>\n\t<meta name=\"twitter:data1\" content=\"4 minutes\" \/>\n<script type=\"application\/ld+json\" class=\"yoast-schema-graph\">{\"@context\":\"https:\/\/schema.org\",\"@graph\":[{\"@type\":\"WebPage\",\"@id\":\"https:\/\/akurats.com\/et\/telgid\/\",\"url\":\"https:\/\/akurats.com\/et\/telgid\/\",\"name\":\"Kvaliteetsete telkide rent k\u00f5ikides Balti riikides | Akurats\",\"isPartOf\":{\"@id\":\"https:\/\/akurats.com\/en\/#website\"},\"datePublished\":\"2015-10-12T10:32:29+00:00\",\"dateModified\":\"2018-09-11T07:41:52+00:00\",\"description\":\"Tutvu meie telkidega \u2013 valikus suuremad ja v\u00e4iksemad, erikujude ja -omadustega telgid, telkide inventar ja muu vajalik \u00f5nnestunud \u00fcrituse jaoks\",\"breadcrumb\":{\"@id\":\"https:\/\/akurats.com\/et\/telgid\/#breadcrumb\"},\"inLanguage\":\"et\",\"potentialAction\":[{\"@type\":\"ReadAction\",\"target\":[\"https:\/\/akurats.com\/et\/telgid\/\"]}]},{\"@type\":\"BreadcrumbList\",\"@id\":\"https:\/\/akurats.com\/et\/telgid\/#breadcrumb\",\"itemListElement\":[{\"@type\":\"ListItem\",\"position\":1,\"name\":\"Home\",\"item\":\"https:\/\/akurats.com\/et\/\"},{\"@type\":\"ListItem\",\"position\":2,\"name\":\"Telgid\"}]},{\"@type\":\"WebSite\",\"@id\":\"https:\/\/akurats.com\/en\/#website\",\"url\":\"https:\/\/akurats.com\/en\/\",\"name\":\"Akur\u0101ts\",\"description\":\"\u00fcrituste varustuse teenus\",\"publisher\":{\"@id\":\"https:\/\/akurats.com\/en\/#organization\"},\"alternateName\":\"Event equipment service\",\"potentialAction\":[{\"@type\":\"SearchAction\",\"target\":{\"@type\":\"EntryPoint\",\"urlTemplate\":\"https:\/\/akurats.com\/en\/?s={search_term_string}\"},\"query-input\":\"required name=search_term_string\"}],\"inLanguage\":\"et\"},{\"@type\":\"Organization\",\"@id\":\"https:\/\/akurats.com\/en\/#organization\",\"name\":\"Akur\u0101ts\",\"alternateName\":\"Event equipment service\",\"url\":\"https:\/\/akurats.com\/en\/\",\"logo\":{\"@type\":\"ImageObject\",\"inLanguage\":\"et\",\"@id\":\"https:\/\/akurats.com\/en\/#\/schema\/logo\/image\/\",\"url\":\"https:\/\/akurats.com\/wp-content\/uploads\/2015\/06\/A_logo.png\",\"contentUrl\":\"https:\/\/akurats.com\/wp-content\/uploads\/2015\/06\/A_logo.png\",\"width\":77,\"height\":70,\"caption\":\"Akur\u0101ts\"},\"image\":{\"@id\":\"https:\/\/akurats.com\/en\/#\/schema\/logo\/image\/\"},\"sameAs\":[\"https:\/\/www.facebook.com\/AkuratsSIA\"]}]}<\/script>\n<!-- \/ Yoast SEO plugin. -->","yoast_head_json":{"title":"Kvaliteetsete telkide rent k\u00f5ikides Balti riikides | Akurats","description":"Tutvu meie telkidega \u2013 valikus suuremad ja v\u00e4iksemad, erikujude ja -omadustega telgid, telkide inventar ja muu vajalik \u00f5nnestunud \u00fcrituse jaoks","robots":{"index":"index","follow":"follow","max-snippet":"max-snippet:-1","max-image-preview":"max-image-preview:large","max-video-preview":"max-video-preview:-1"},"canonical":"https:\/\/akurats.com\/et\/telgid\/","twitter_misc":{"Est. reading time":"4 minutes"},"schema":{"@context":"https:\/\/schema.org","@graph":[{"@type":"WebPage","@id":"https:\/\/akurats.com\/et\/telgid\/","url":"https:\/\/akurats.com\/et\/telgid\/","name":"Kvaliteetsete telkide rent k\u00f5ikides Balti riikides | Akurats","isPartOf":{"@id":"https:\/\/akurats.com\/en\/#website"},"datePublished":"2015-10-12T10:32:29+00:00","dateModified":"2018-09-11T07:41:52+00:00","description":"Tutvu meie telkidega \u2013 valikus suuremad ja v\u00e4iksemad, erikujude ja -omadustega telgid, telkide inventar ja muu vajalik \u00f5nnestunud \u00fcrituse jaoks","breadcrumb":{"@id":"https:\/\/akurats.com\/et\/telgid\/#breadcrumb"},"inLanguage":"et","potentialAction":[{"@type":"ReadAction","target":["https:\/\/akurats.com\/et\/telgid\/"]}]},{"@type":"BreadcrumbList","@id":"https:\/\/akurats.com\/et\/telgid\/#breadcrumb","itemListElement":[{"@type":"ListItem","position":1,"name":"Home","item":"https:\/\/akurats.com\/et\/"},{"@type":"ListItem","position":2,"name":"Telgid"}]},{"@type":"WebSite","@id":"https:\/\/akurats.com\/en\/#website","url":"https:\/\/akurats.com\/en\/","name":"Akur\u0101ts","description":"\u00fcrituste varustuse teenus","publisher":{"@id":"https:\/\/akurats.com\/en\/#organization"},"alternateName":"Event equipment service","potentialAction":[{"@type":"SearchAction","target":{"@type":"EntryPoint","urlTemplate":"https:\/\/akurats.com\/en\/?s={search_term_string}"},"query-input":"required name=search_term_string"}],"inLanguage":"et"},{"@type":"Organization","@id":"https:\/\/akurats.com\/en\/#organization","name":"Akur\u0101ts","alternateName":"Event equipment service","url":"https:\/\/akurats.com\/en\/","logo":{"@type":"ImageObject","inLanguage":"et","@id":"https:\/\/akurats.com\/en\/#\/schema\/logo\/image\/","url":"https:\/\/akurats.com\/wp-content\/uploads\/2015\/06\/A_logo.png","contentUrl":"https:\/\/akurats.com\/wp-content\/uploads\/2015\/06\/A_logo.png","width":77,"height":70,"caption":"Akur\u0101ts"},"image":{"@id":"https:\/\/akurats.com\/en\/#\/schema\/logo\/image\/"},"sameAs":["https:\/\/www.facebook.com\/AkuratsSIA"]}]}},"_links":{"self":[{"href":"https:\/\/akurats.com\/et\/wp-json\/wp\/v2\/pages\/2004"}],"collection":[{"href":"https:\/\/akurats.com\/et\/wp-json\/wp\/v2\/pages"}],"about":[{"href":"https:\/\/akurats.com\/et\/wp-json\/wp\/v2\/types\/page"}],"author":[{"embeddable":true,"href":"https:\/\/akurats.com\/et\/wp-json\/wp\/v2\/users\/1"}],"replies":[{"embeddable":true,"href":"https:\/\/akurats.com\/et\/wp-json\/wp\/v2\/comments?post=2004"}],"version-history":[{"count":5,"href":"https:\/\/akurats.com\/et\/wp-json\/wp\/v2\/pages\/2004\/revisions"}],"predecessor-version":[{"id":3671,"href":"https:\/\/akurats.com\/et\/wp-json\/wp\/v2\/pages\/2004\/revisions\/3671"}],"wp:featuredmedia":[{"embeddable":true,"href":"https:\/\/akurats.com\/et\/wp-json\/wp\/v2\/media\/578"}],"wp:attachment":[{"href":"https:\/\/akurats.com\/et\/wp-json\/wp\/v2\/media?parent=2004"}],"curies":[{"name":"wp","href":"https:\/\/api.w.org\/{rel}","templated":true}]}}