{"id":1951,"date":"2015-10-12T08:46:04","date_gmt":"2015-10-12T08:46:04","guid":{"rendered":"https:\/\/akurats.com\/?page_id=1951"},"modified":"2015-10-12T08:46:04","modified_gmt":"2015-10-12T08:46:04","slug":"urituste-juht","status":"publish","type":"page","link":"https:\/\/akurats.com\/et\/meist\/urituste-juht\/","title":{"rendered":"\u00dcrituste juht"},"content":{"rendered":"<div id=\"content_text\">\n<p>S\u00f5ltumata sellest, kas Te kavandate \u00fcritust 5 \u2013le v\u00f5i 500-le inimesele, pulmi, sportm\u00e4nge, tooteesitlust v\u00f5i linnap\u00e4evi, tuleb \u00fcrituste kavandamise ja teostamise k\u00e4igus kaaluda neid asjaolusid, mis tagaksid selle, et tellitud telk asuks \u00f5iges kohas ning oleks \u00f5igeks \u00fcles pandud, tagamaks Teie poolt kavandatud \u00fcrituse \u00f5nnestumist!<\/p>\n<p>\u2018\u00dcrituste juht\u2019 aitab teil oma \u00fcritusi paremini planeerida ja ellu viia.<\/p>\n<p>Enne vastava telgi tellimist hinnake allj\u00e4rgnevaid asjaolusid:<\/p>\n<ul>\n<li>Telgi t\u00e4pset montaa\u017ei-ja demontaa\u017eikuup\u00e4evi (v\u00f5tke arvesse telgi\u00a0<strong>montaa\u017ei-ja demontaa\u017eiaegu<\/strong>);<\/li>\n<li>Telgi paigaldamiskoha katet (muru, asfalt, heinamaa, liiv, plaadid jne.), millest s\u00f5ltub\u00a0<strong>plastmassp\u00f5randa<\/strong>\u00a0v\u00f5ii\u00a0puup\u00f5randa\u00a0valik;<\/li>\n<li>Telgi paigalduskoha aluspinna reljeefi (see peab olema \u00fchetasane \u2013 reljeefi k\u00f5rguste vahe ei tohi olla suurem, kui 10cm);<\/li>\n<li>Elektrijuhtmete ja veetorustiku ligip\u00e4\u00e4su (kui \u00fcrituse korraldamiseks tuleb kasutada elektriseadmeid, valgustust, soojendeid, vett jne.);<\/li>\n<li>Ligip\u00e4\u00e4sutee olemasolu ja vastavus tellitud telgi kohaletoimetamiseks \u00fcrituse toimumiskohta (vt. jaotises\u00a0<strong>\u2018Montaa\u017e\u2019<\/strong>);<\/li>\n<li>Paigalduskoha vastavus telgi m\u00f5\u00f5tmetele (piisavalt suur p\u00f5randapind, seinte ja katuseharja k\u00f5rgus, vt.jaotises\u00a0<strong>\u2018Montaa\u017e\u2019<\/strong>);<\/li>\n<\/ul>\n<p><strong>Telgi paigaldamise kergendamiseks:<\/strong><\/p>\n<ul>\n<li>Koostage telgi paigutuskoha plaan (m\u00e4\u00e4rake kindlaks telgi t\u00e4pne asukoht teiste ehitiste ja objektide suhtes, hinnake sisse-ja v\u00e4ljap\u00e4\u00e4sude, akende suundasid);<\/li>\n<li>Kui telgi paigalduskoha t\u00e4pse asukoha leidmine on raskendatud, siis tr\u00fckkige v\u00e4lja telgi paigalduskoha geograafiline kaart (n\u00e4ites maakohtades v\u00f5i v\u00e4ikelinnades) ning t\u00e4histage \u00e4ra k\u00f5ige lihtsamini telgi paigalduskohani viiv tee. Seda v\u00f5ib teha ka internetis\u00a0www.uzkartes.lv,\u00a0www.zl.lv,\u00a0www.1188.lv. Vastav kaart saatke \u201cAkur\u0101ts\u201d O\u00dc montaa\u017eibrigaadile.<\/li>\n<\/ul>\n<p><strong>Selleks, et oma \u00fcrituse jaoks sobiva suurusega telki valida, hinnake j\u00e4rgmist:<\/strong><\/p>\n<ul>\n<li>Telgis \u00fcheaegselt viibivate inimeste eeldatavat arvu:\n<ul>\n<li>Selleks, et k\u00fclalised tunneksid ennast mugavalt, tuleb 1 inimese kohta arvestada 2<strong><em>\u00a0<\/em><\/strong>m<sup>2<\/sup>\u00a0pinda;<\/li>\n<li>Kui te korraldate \u00fcrituse \u00fches laudade taga istumisega (laius 80cm x pikkus 222cm), siis v\u00f5tke arvesse, et \u00fche laua taga v\u00f5ivad mugavalt istuda 8 inimest, s.t. 4 inimest \u00fchel pool;<\/li>\n<\/ul>\n<\/li>\n<li>Plaanitud \u00fcrituse formaat, millest s\u00f5ltub vastava suurusega telgi valik, telgi seinte koplektatsioon akende ja ustega (kui telk on ette n\u00e4htud kontserdite, diskode, laudadega vastuv\u00f5tu jaoks v\u00f5i telk on ette n\u00e4htud laoruumina kasutamiseks, tooteesitluseks v\u00f5i n\u00e4ituseruumiks).<\/li>\n<\/ul>\n<p>Sobiva p\u00f5randakatte valikuks hinnake j\u00e4rgmisi asjaolusid:<\/p>\n<ul>\n<li>Kavandatud \u00fcrituse formaat:<\/li>\n<\/ul>\n<ul>\n<ul>\n<li>Aktiivset osav\u00f5ttu eeldavate \u00fcrituste (kontserdid, pulmad, tantsu\u00f5htud, muud aktiivset osav\u00f5ttu eeldavad suure osalejaskonnaga \u00fcritused) jaoks valige vastupidav\u00a0puup\u00f5rand;<\/li>\n<li>N\u00e4ituste, tooteesitluste v\u00f5i rahulike koosistumiste jaoks laudade taga valige roheline lahtirullitav\u00a0<strong>plastmassp\u00f5rand<\/strong>;<\/li>\n<\/ul>\n<\/ul>\n<ul>\n<li>Telgi paigalduskoha aluspind:<\/li>\n<\/ul>\n<ul>\n<ul>\n<li>Puup\u00f5randa v\u00f5ib maha panna erinevatele katetele \u2013 murule, plaatidele, liivale jne.;<\/li>\n<li>Plastmassp\u00f5rand sobib muru peale mahapanemiseks;<\/li>\n<\/ul>\n<\/ul>\n<ul>\n<li>V\u00e4lis\u00f5hu temperatuur telgi paigaldamise ajal:<\/li>\n<li>Plastmassp\u00f5randa v\u00f5ib maha panna kuni -5\u00b0C temperatuuriga;<\/li>\n<li>Puup\u00f5randat v\u00f5ib telgis kasutada ka miinustemperatuuridega<\/li>\n<\/ul>\n<p><strong>Kui Te kavatsete telki paigaldada k\u00fclmade ilmadega s\u00fcgisel, kevadel v\u00f5i talvel, siis arvestage j\u00e4rgmist:<\/strong><\/p>\n<ul>\n<li>Telki soojendatakse spetsiaalsete gaasisoojenditega, mis muudavad telgi Teie \u00fcrituse jaoks koduseks ja hubaseks kohaks. \u00dche \u201cAkur\u0101ts\u201d poolt pakutava\u00a0<strong>gaasisoojendiga<\/strong>\u00a0v\u00f5ib k\u00fctta umbes 20 m2 suurust pinda;<\/li>\n<li>Telgip\u00f5randa kate (miinuskraadidega v\u00f5ib maha panna puup\u00f5randa, mitte plastmassp\u00f5randat);<\/li>\n<li>Telgi materjali valik \u2013\u00a0<strong>20mx25m telk<\/strong>\u00a0klaas-ja plastmasspaneelidega on rohkem soojus-ja niiskuskindel, kui katteseintega telk;<\/li>\n<li>Tuulet\u00f5mbe ja k\u00fclma \u00f5hu sissepuhumise v\u00e4ltimiseks on soovitav kasutada \u00fche ukselehega suletud ust.<\/li>\n<\/ul>\n<p>Telgi paigaldamisel tuleb l\u00e4htuda allj\u00e4rgnevast:<\/p>\n<ul>\n<li>L\u00e4bip\u00e4\u00e4sulubade vajalikkus telgi paigalduskohta j\u00f5udmiseks (vajaduse korral peav l\u00e4bip\u00e4\u00e4suluba juba eelnevalt olema antud montaa\u017eibrigaadi k\u00e4sutusse);<\/li>\n<li>Kohaliku omavalitsuse luba telgi paigaldamiseks ja \u00fcrituse korraldamiseks;<\/li>\n<li>\u00dcrituse ja sellel kasutatava inventari kindlustamise vajadus;<\/li>\n<li>Turvateenuste kasutamise vajadus \u00fcritusel (n\u00e4iteks telgi tehniliste vigastuste \u00e4rahoidmiseks, mille eest rentniek vastutab);<\/li>\n<li>Tulekustustusseadem vajadus (l\u00e4htudes \u00fcrituse spetsiifikast, kui kasutatakse k\u00fctte-v\u00f5i elektriseadmeid);<\/li>\n<li>Kohaliku politsei informeerimine \u00fcrituse toimumise kohta.<\/li>\n<\/ul>\n<p>Muud tegurid, mida oma \u00fcrituse kavandamisel arvesse v\u00f5tta:<\/p>\n<ul>\n<li>Teisaldavate tualettide kasutamine;<\/li>\n<li>J\u00e4\u00e4tmete \u00e4raviimisteenuse kasutamine;<\/li>\n<li>Kiirabi kohaloleku tagamine;<\/li>\n<li>Liikumispuuetega inimeste ligip\u00e4\u00e4su tagamine \u00fcritusele.<\/li>\n<\/ul>\n<p align=\"justify\">Kui teil oma \u00fcrituse kavandamise k\u00e4igus tekivad k\u00fcsimused sobiva telgi valiku suhtes, siis annavad \u201cAkur\u0101ts\u201d O\u00dc asjatundlikud ja kogemustega t\u00f6\u00f6tajad teile n\u00f5ud ning aitavad valida teie \u00fcrituse jaoks k\u00f5ige sobivama telgi.<\/p>\n<p align=\"justify\">Kui olete k\u00f5ik tegurid l\u00e4bi kaalunud ja endale telgi v\u00e4lja valinud, siis soovitame telgi ja telgiga kaasask\u00e4iva varustuse v\u00f5imalikult \u00f5igeaegselt kinni panna \u2013 v\u00e4hemalt 2 kuud enne Teie poolt kavandatud \u00fcritust. \u00d5igeaegne telgi reserverimine tagab selle, et meie laos on saadaval k\u00f5ik Teie jaoks sobivad telkide suurused ja t\u00fc\u00fcbid.<\/p>\n<p align=\"justify\">T\u00e4itke \u201cAkur\u0101ts\u201d O\u00dc\u00a0<strong>Tellimisp\u00f5hi<\/strong>\u00a0ning t\u00e4psustage Teid huvitava telg\/telkide kohta ning Teie \u00fcritust puudutavat infot. \u201cAkur\u0101ts\u201d O\u00dc t\u00f6\u00f6tajad v\u00f5tavad Teiega \u00fchendust \u00fche t\u00f6\u00f6p\u00e4eva jooksul p\u00e4rast tellimuse k\u00e4ttesaamist.<\/p>\n<\/div>\n","protected":false},"excerpt":{"rendered":"<p>S\u00f5ltumata sellest, kas Te kavandate \u00fcritust 5 \u2013le v\u00f5i 500-le inimesele, pulmi, sportm\u00e4nge, tooteesitlust v\u00f5i linnap\u00e4evi, tuleb \u00fcrituste kavandamise ja teostamise k\u00e4igus kaaluda neid asjaolusid, mis tagaksid selle, et tellitud telk asuks \u00f5iges kohas ning oleks \u00f5igeks \u00fcles pandud, tagamaks Teie poolt kavandatud \u00fcrituse \u00f5nnestumist! \u2018\u00dcrituste juht\u2019 aitab teil oma \u00fcritusi paremini planeerida ja ellu &hellip;<\/p>\n","protected":false},"author":1,"featured_media":0,"parent":1917,"menu_order":0,"comment_status":"closed","ping_status":"closed","template":"","meta":[],"acf":[],"yoast_head":"<!-- This site is optimized with the Yoast SEO plugin v19.9 - https:\/\/yoast.com\/wordpress\/plugins\/seo\/ -->\n<title>\u00dcrituste juht - Ak\u016brats<\/title>\n<meta name=\"robots\" content=\"index, follow, max-snippet:-1, max-image-preview:large, max-video-preview:-1\" \/>\n<link rel=\"canonical\" href=\"https:\/\/akurats.com\/et\/meist\/urituste-juht\/\" \/>\n<meta name=\"twitter:label1\" content=\"Est. reading time\" \/>\n\t<meta name=\"twitter:data1\" content=\"4 minutes\" \/>\n<script type=\"application\/ld+json\" class=\"yoast-schema-graph\">{\"@context\":\"https:\/\/schema.org\",\"@graph\":[{\"@type\":\"WebPage\",\"@id\":\"https:\/\/akurats.com\/et\/meist\/urituste-juht\/\",\"url\":\"https:\/\/akurats.com\/et\/meist\/urituste-juht\/\",\"name\":\"\u00dcrituste juht - Ak\u016brats\",\"isPartOf\":{\"@id\":\"https:\/\/akurats.com\/en\/#website\"},\"datePublished\":\"2015-10-12T08:46:04+00:00\",\"dateModified\":\"2015-10-12T08:46:04+00:00\",\"breadcrumb\":{\"@id\":\"https:\/\/akurats.com\/et\/meist\/urituste-juht\/#breadcrumb\"},\"inLanguage\":\"et\",\"potentialAction\":[{\"@type\":\"ReadAction\",\"target\":[\"https:\/\/akurats.com\/et\/meist\/urituste-juht\/\"]}]},{\"@type\":\"BreadcrumbList\",\"@id\":\"https:\/\/akurats.com\/et\/meist\/urituste-juht\/#breadcrumb\",\"itemListElement\":[{\"@type\":\"ListItem\",\"position\":1,\"name\":\"Home\",\"item\":\"https:\/\/akurats.com\/et\/\"},{\"@type\":\"ListItem\",\"position\":2,\"name\":\"Meist\",\"item\":\"https:\/\/akurats.com\/et\/meist\/\"},{\"@type\":\"ListItem\",\"position\":3,\"name\":\"\u00dcrituste juht\"}]},{\"@type\":\"WebSite\",\"@id\":\"https:\/\/akurats.com\/en\/#website\",\"url\":\"https:\/\/akurats.com\/en\/\",\"name\":\"Akur\u0101ts\",\"description\":\"\u00fcrituste varustuse teenus\",\"publisher\":{\"@id\":\"https:\/\/akurats.com\/en\/#organization\"},\"alternateName\":\"Event equipment service\",\"potentialAction\":[{\"@type\":\"SearchAction\",\"target\":{\"@type\":\"EntryPoint\",\"urlTemplate\":\"https:\/\/akurats.com\/en\/?s={search_term_string}\"},\"query-input\":\"required name=search_term_string\"}],\"inLanguage\":\"et\"},{\"@type\":\"Organization\",\"@id\":\"https:\/\/akurats.com\/en\/#organization\",\"name\":\"Akur\u0101ts\",\"alternateName\":\"Event equipment service\",\"url\":\"https:\/\/akurats.com\/en\/\",\"logo\":{\"@type\":\"ImageObject\",\"inLanguage\":\"et\",\"@id\":\"https:\/\/akurats.com\/en\/#\/schema\/logo\/image\/\",\"url\":\"https:\/\/akurats.com\/wp-content\/uploads\/2015\/06\/A_logo.png\",\"contentUrl\":\"https:\/\/akurats.com\/wp-content\/uploads\/2015\/06\/A_logo.png\",\"width\":77,\"height\":70,\"caption\":\"Akur\u0101ts\"},\"image\":{\"@id\":\"https:\/\/akurats.com\/en\/#\/schema\/logo\/image\/\"},\"sameAs\":[\"https:\/\/www.facebook.com\/AkuratsSIA\"]}]}<\/script>\n<!-- \/ Yoast SEO plugin. -->","yoast_head_json":{"title":"\u00dcrituste juht - Ak\u016brats","robots":{"index":"index","follow":"follow","max-snippet":"max-snippet:-1","max-image-preview":"max-image-preview:large","max-video-preview":"max-video-preview:-1"},"canonical":"https:\/\/akurats.com\/et\/meist\/urituste-juht\/","twitter_misc":{"Est. reading time":"4 minutes"},"schema":{"@context":"https:\/\/schema.org","@graph":[{"@type":"WebPage","@id":"https:\/\/akurats.com\/et\/meist\/urituste-juht\/","url":"https:\/\/akurats.com\/et\/meist\/urituste-juht\/","name":"\u00dcrituste juht - Ak\u016brats","isPartOf":{"@id":"https:\/\/akurats.com\/en\/#website"},"datePublished":"2015-10-12T08:46:04+00:00","dateModified":"2015-10-12T08:46:04+00:00","breadcrumb":{"@id":"https:\/\/akurats.com\/et\/meist\/urituste-juht\/#breadcrumb"},"inLanguage":"et","potentialAction":[{"@type":"ReadAction","target":["https:\/\/akurats.com\/et\/meist\/urituste-juht\/"]}]},{"@type":"BreadcrumbList","@id":"https:\/\/akurats.com\/et\/meist\/urituste-juht\/#breadcrumb","itemListElement":[{"@type":"ListItem","position":1,"name":"Home","item":"https:\/\/akurats.com\/et\/"},{"@type":"ListItem","position":2,"name":"Meist","item":"https:\/\/akurats.com\/et\/meist\/"},{"@type":"ListItem","position":3,"name":"\u00dcrituste juht"}]},{"@type":"WebSite","@id":"https:\/\/akurats.com\/en\/#website","url":"https:\/\/akurats.com\/en\/","name":"Akur\u0101ts","description":"\u00fcrituste varustuse teenus","publisher":{"@id":"https:\/\/akurats.com\/en\/#organization"},"alternateName":"Event equipment service","potentialAction":[{"@type":"SearchAction","target":{"@type":"EntryPoint","urlTemplate":"https:\/\/akurats.com\/en\/?s={search_term_string}"},"query-input":"required name=search_term_string"}],"inLanguage":"et"},{"@type":"Organization","@id":"https:\/\/akurats.com\/en\/#organization","name":"Akur\u0101ts","alternateName":"Event equipment service","url":"https:\/\/akurats.com\/en\/","logo":{"@type":"ImageObject","inLanguage":"et","@id":"https:\/\/akurats.com\/en\/#\/schema\/logo\/image\/","url":"https:\/\/akurats.com\/wp-content\/uploads\/2015\/06\/A_logo.png","contentUrl":"https:\/\/akurats.com\/wp-content\/uploads\/2015\/06\/A_logo.png","width":77,"height":70,"caption":"Akur\u0101ts"},"image":{"@id":"https:\/\/akurats.com\/en\/#\/schema\/logo\/image\/"},"sameAs":["https:\/\/www.facebook.com\/AkuratsSIA"]}]}},"_links":{"self":[{"href":"https:\/\/akurats.com\/et\/wp-json\/wp\/v2\/pages\/1951"}],"collection":[{"href":"https:\/\/akurats.com\/et\/wp-json\/wp\/v2\/pages"}],"about":[{"href":"https:\/\/akurats.com\/et\/wp-json\/wp\/v2\/types\/page"}],"author":[{"embeddable":true,"href":"https:\/\/akurats.com\/et\/wp-json\/wp\/v2\/users\/1"}],"replies":[{"embeddable":true,"href":"https:\/\/akurats.com\/et\/wp-json\/wp\/v2\/comments?post=1951"}],"version-history":[{"count":1,"href":"https:\/\/akurats.com\/et\/wp-json\/wp\/v2\/pages\/1951\/revisions"}],"predecessor-version":[{"id":1952,"href":"https:\/\/akurats.com\/et\/wp-json\/wp\/v2\/pages\/1951\/revisions\/1952"}],"up":[{"embeddable":true,"href":"https:\/\/akurats.com\/et\/wp-json\/wp\/v2\/pages\/1917"}],"wp:attachment":[{"href":"https:\/\/akurats.com\/et\/wp-json\/wp\/v2\/media?parent=1951"}],"curies":[{"name":"wp","href":"https:\/\/api.w.org\/{rel}","templated":true}]}}