{"id":1917,"date":"2015-10-09T12:54:31","date_gmt":"2015-10-09T12:54:31","guid":{"rendered":"https:\/\/akurats.com\/?page_id=1917"},"modified":"2018-04-04T10:41:21","modified_gmt":"2018-04-04T10:41:21","slug":"meist","status":"publish","type":"page","link":"https:\/\/akurats.com\/et\/meist\/","title":{"rendered":"Meist"},"content":{"rendered":"<div id=\"content_text\">\n<div>\n<p style=\"text-align: center;\">Please see our brochure for tents and equipment <a href=\"https:\/\/akurats.com\/wp-content\/uploads\/2015\/06\/Akurats_buklets_web.pdf\" target=\"_blank\">HERE<\/a>.<\/p>\n<p align=\"center\"><iframe loading=\"lazy\" src=\"https:\/\/www.youtube.com\/embed\/2LP0xTEkY8Y?rel=0&amp;showinfo=0\" width=\"920\" height=\"520\" frameborder=\"0\" allowfullscreen=\"allowfullscreen\"><\/iframe><\/p>\n<div id=\"content_text\">\n<p>2005.aastal asutatud \u201cAkur\u0101ts\u201d O\u00dc on l\u00fchikese aja jooksul kujunenud L\u00e4ti juhtivaks telkide ja telgivarustuse rentijaks. Alates 2007.aastast pakub \u201cAkur\u0101ts\u201d O\u00dc telkide renditeenuseid ka Leedu ja Eesti territooriumil.<\/p>\n<p>\u201cAkur\u0101ts\u201d pakub 10 erinevat telgit\u00fc\u00fcpi, alates 9 m\u00b2 telgist kuni 1500 m\u00b2 suuruse telgini. Iga telgi v\u00f5ib komplekteerida ning kohandada vastavalt Teie vajadustele \u2013 telgi sisse v\u00f5ib paigaldada puu-v\u00f5i plastmassp\u00f5randa, seinad v\u00f5ib paigaldada akendega v\u00f5i ilma, samuti v\u00f5ib telki panna lauad, toolid ning k\u00fctteseadmed ning valgustuslambid.<\/p>\n<p>Meie telke on kasutatud sellistel \u00fcritustel nagu Baltic Beach Party Liepajas, Riia linna p\u00e4evadel, Laulupeol, Dance Summit, samuti mitmesugustel laatadel, n\u00e4itustel, linnade p\u00e4evadel, sportm\u00e4ngudel, pulmades ja aiapidudel.<\/p>\n<p>Meiega teevad koost\u00f6\u00f6d mitmed ehitusfirmad, kes kasutavad meie telke laoruumidena, samuti paigaldavad meie telgid ebasoodsate ilmastikutingimuste korral oma ehitusobjektidele, et tagada katkematut ehitusk\u00e4iku.<\/p>\n<p lang=\"en-GB\" align=\"justify\">Meie t\u00f6\u00f6tajad on asjatundlikud ja kogemustega spetsialistid, kes n\u00f5ustavad ja aitavad Teid, valimaks Teie poolt kavandatava \u00fcrituse jaoks k\u00f5ige sobivamat telki, samuti toimetavad selle \u00f5igeaegselt kohale, paigaldavad ning v\u00f5tavad p\u00e4rast \u00fcrituse l\u00f5ppu maha.<\/p>\n<p lang=\"en-GB\"><strong>Ettev\u00f5tte n\u00e4gemus<\/strong><\/p>\n<p lang=\"en-GB\" align=\"justify\">SIA \u201cAkur\u0101ts\u201d O\u00dc eesm\u00e4rgiks on saada Balti riikide suurimaks ja tuntuimaks telkide ning telgivarustuse rentijaks.<\/p>\n<p lang=\"lv-LV\"><strong>Ettev\u00f5tte missioon<\/strong><\/p>\n<p lang=\"en-GB\" align=\"justify\">\u201cAkur\u0101ts\u201d O\u00dc missiooniks on parimate telkide ja parima telkide tehnilise varustuse pakkumine, samuti parima telgipaigaldusteenuse osutamine, tagamaks iga kliendi \u00fcrituse \u00f5nnestumist.<\/p>\n<p style=\"text-align: center;\"><strong>\u201cAkur\u0101ts\u201d pakub h\u00e4id telke headeks asjadeks!<\/strong><\/p>\n<\/div>\n<\/div>\n<\/div>\n","protected":false},"excerpt":{"rendered":"<p>Please see our brochure for tents and equipment HERE. 2005.aastal asutatud \u201cAkur\u0101ts\u201d O\u00dc on l\u00fchikese aja jooksul kujunenud L\u00e4ti juhtivaks telkide ja telgivarustuse rentijaks. Alates 2007.aastast pakub \u201cAkur\u0101ts\u201d O\u00dc telkide renditeenuseid ka Leedu ja Eesti territooriumil. \u201cAkur\u0101ts\u201d pakub 10 erinevat telgit\u00fc\u00fcpi, alates 9 m\u00b2 telgist kuni 1500 m\u00b2 suuruse telgini. Iga telgi v\u00f5ib komplekteerida ning &hellip;<\/p>\n","protected":false},"author":1,"featured_media":0,"parent":0,"menu_order":0,"comment_status":"closed","ping_status":"closed","template":"","meta":[],"acf":[],"yoast_head":"<!-- This site is optimized with the Yoast SEO plugin v19.9 - https:\/\/yoast.com\/wordpress\/plugins\/seo\/ -->\n<title>Meist - Ak\u016brats<\/title>\n<meta name=\"robots\" content=\"index, follow, max-snippet:-1, max-image-preview:large, max-video-preview:-1\" \/>\n<link rel=\"canonical\" href=\"https:\/\/akurats.com\/et\/meist\/\" \/>\n<meta name=\"twitter:label1\" content=\"Est. reading time\" \/>\n\t<meta name=\"twitter:data1\" content=\"1 minute\" \/>\n<script type=\"application\/ld+json\" class=\"yoast-schema-graph\">{\"@context\":\"https:\/\/schema.org\",\"@graph\":[{\"@type\":\"WebPage\",\"@id\":\"https:\/\/akurats.com\/et\/meist\/\",\"url\":\"https:\/\/akurats.com\/et\/meist\/\",\"name\":\"Meist - Ak\u016brats\",\"isPartOf\":{\"@id\":\"https:\/\/akurats.com\/en\/#website\"},\"datePublished\":\"2015-10-09T12:54:31+00:00\",\"dateModified\":\"2018-04-04T10:41:21+00:00\",\"breadcrumb\":{\"@id\":\"https:\/\/akurats.com\/et\/meist\/#breadcrumb\"},\"inLanguage\":\"et\",\"potentialAction\":[{\"@type\":\"ReadAction\",\"target\":[\"https:\/\/akurats.com\/et\/meist\/\"]}]},{\"@type\":\"BreadcrumbList\",\"@id\":\"https:\/\/akurats.com\/et\/meist\/#breadcrumb\",\"itemListElement\":[{\"@type\":\"ListItem\",\"position\":1,\"name\":\"Home\",\"item\":\"https:\/\/akurats.com\/et\/\"},{\"@type\":\"ListItem\",\"position\":2,\"name\":\"Meist\"}]},{\"@type\":\"WebSite\",\"@id\":\"https:\/\/akurats.com\/en\/#website\",\"url\":\"https:\/\/akurats.com\/en\/\",\"name\":\"Akur\u0101ts\",\"description\":\"\u00fcrituste varustuse teenus\",\"publisher\":{\"@id\":\"https:\/\/akurats.com\/en\/#organization\"},\"alternateName\":\"Event equipment service\",\"potentialAction\":[{\"@type\":\"SearchAction\",\"target\":{\"@type\":\"EntryPoint\",\"urlTemplate\":\"https:\/\/akurats.com\/en\/?s={search_term_string}\"},\"query-input\":\"required name=search_term_string\"}],\"inLanguage\":\"et\"},{\"@type\":\"Organization\",\"@id\":\"https:\/\/akurats.com\/en\/#organization\",\"name\":\"Akur\u0101ts\",\"alternateName\":\"Event equipment service\",\"url\":\"https:\/\/akurats.com\/en\/\",\"logo\":{\"@type\":\"ImageObject\",\"inLanguage\":\"et\",\"@id\":\"https:\/\/akurats.com\/en\/#\/schema\/logo\/image\/\",\"url\":\"https:\/\/akurats.com\/wp-content\/uploads\/2015\/06\/A_logo.png\",\"contentUrl\":\"https:\/\/akurats.com\/wp-content\/uploads\/2015\/06\/A_logo.png\",\"width\":77,\"height\":70,\"caption\":\"Akur\u0101ts\"},\"image\":{\"@id\":\"https:\/\/akurats.com\/en\/#\/schema\/logo\/image\/\"},\"sameAs\":[\"https:\/\/www.facebook.com\/AkuratsSIA\"]}]}<\/script>\n<!-- \/ Yoast SEO plugin. -->","yoast_head_json":{"title":"Meist - Ak\u016brats","robots":{"index":"index","follow":"follow","max-snippet":"max-snippet:-1","max-image-preview":"max-image-preview:large","max-video-preview":"max-video-preview:-1"},"canonical":"https:\/\/akurats.com\/et\/meist\/","twitter_misc":{"Est. reading time":"1 minute"},"schema":{"@context":"https:\/\/schema.org","@graph":[{"@type":"WebPage","@id":"https:\/\/akurats.com\/et\/meist\/","url":"https:\/\/akurats.com\/et\/meist\/","name":"Meist - Ak\u016brats","isPartOf":{"@id":"https:\/\/akurats.com\/en\/#website"},"datePublished":"2015-10-09T12:54:31+00:00","dateModified":"2018-04-04T10:41:21+00:00","breadcrumb":{"@id":"https:\/\/akurats.com\/et\/meist\/#breadcrumb"},"inLanguage":"et","potentialAction":[{"@type":"ReadAction","target":["https:\/\/akurats.com\/et\/meist\/"]}]},{"@type":"BreadcrumbList","@id":"https:\/\/akurats.com\/et\/meist\/#breadcrumb","itemListElement":[{"@type":"ListItem","position":1,"name":"Home","item":"https:\/\/akurats.com\/et\/"},{"@type":"ListItem","position":2,"name":"Meist"}]},{"@type":"WebSite","@id":"https:\/\/akurats.com\/en\/#website","url":"https:\/\/akurats.com\/en\/","name":"Akur\u0101ts","description":"\u00fcrituste varustuse teenus","publisher":{"@id":"https:\/\/akurats.com\/en\/#organization"},"alternateName":"Event equipment service","potentialAction":[{"@type":"SearchAction","target":{"@type":"EntryPoint","urlTemplate":"https:\/\/akurats.com\/en\/?s={search_term_string}"},"query-input":"required name=search_term_string"}],"inLanguage":"et"},{"@type":"Organization","@id":"https:\/\/akurats.com\/en\/#organization","name":"Akur\u0101ts","alternateName":"Event equipment service","url":"https:\/\/akurats.com\/en\/","logo":{"@type":"ImageObject","inLanguage":"et","@id":"https:\/\/akurats.com\/en\/#\/schema\/logo\/image\/","url":"https:\/\/akurats.com\/wp-content\/uploads\/2015\/06\/A_logo.png","contentUrl":"https:\/\/akurats.com\/wp-content\/uploads\/2015\/06\/A_logo.png","width":77,"height":70,"caption":"Akur\u0101ts"},"image":{"@id":"https:\/\/akurats.com\/en\/#\/schema\/logo\/image\/"},"sameAs":["https:\/\/www.facebook.com\/AkuratsSIA"]}]}},"_links":{"self":[{"href":"https:\/\/akurats.com\/et\/wp-json\/wp\/v2\/pages\/1917"}],"collection":[{"href":"https:\/\/akurats.com\/et\/wp-json\/wp\/v2\/pages"}],"about":[{"href":"https:\/\/akurats.com\/et\/wp-json\/wp\/v2\/types\/page"}],"author":[{"embeddable":true,"href":"https:\/\/akurats.com\/et\/wp-json\/wp\/v2\/users\/1"}],"replies":[{"embeddable":true,"href":"https:\/\/akurats.com\/et\/wp-json\/wp\/v2\/comments?post=1917"}],"version-history":[{"count":4,"href":"https:\/\/akurats.com\/et\/wp-json\/wp\/v2\/pages\/1917\/revisions"}],"predecessor-version":[{"id":3099,"href":"https:\/\/akurats.com\/et\/wp-json\/wp\/v2\/pages\/1917\/revisions\/3099"}],"wp:attachment":[{"href":"https:\/\/akurats.com\/et\/wp-json\/wp\/v2\/media?parent=1917"}],"curies":[{"name":"wp","href":"https:\/\/api.w.org\/{rel}","templated":true}]}}