{"id":572,"date":"2015-06-18T15:29:35","date_gmt":"2015-06-18T15:29:35","guid":{"rendered":"https:\/\/akurats.com\/?page_id=572"},"modified":"2025-06-28T18:13:22","modified_gmt":"2025-06-28T18:13:22","slug":"startpage-2","status":"publish","type":"page","link":"https:\/\/akurats.com\/en\/","title":{"rendered":"Startpage"},"content":{"rendered":"<div id=\"pl-572\"  class=\"panel-layout\" ><div id=\"pg-572-0\"  class=\"panel-grid panel-has-style\" ><div class=\"jumbotron-overlap panel-row-style panel-row-style-for-572-0\" ><div id=\"pgc-572-0-0\"  class=\"panel-grid-cell\" ><div id=\"panel-572-0-0-0\" class=\"so-panel widget widget_black-studio-tinymce widget_black_studio_tinymce panel-first-child panel-last-child\" data-index=\"0\" ><div class=\"featured-widget panel-widget-style panel-widget-style-for-572-0-0-0\" ><h3 class=\"widget-title\"><span class=\"widget-title__inline\">Welcome to Akur\u0101ts Website!<\/span><\/h3><div class=\"textwidget\"><p>Exhibitions, presentations of new products or services, larger or smaller hospitalities events, corporate and private celebrations, sports competitions, ... up to grand festivities and city festivals \u2013 whatever place might be chosen for the event - sunlit beach... high-riser's terrace... ship deck... airfield...<\/p>\n<p><a href=\"\/about-us\/\" class=\"read-more\">Read more<\/a><\/p>\n<\/div><\/div><\/div><\/div><div id=\"pgc-572-0-1\"  class=\"panel-grid-cell\" ><div id=\"panel-572-0-1-0\" class=\"so-panel widget widget_pw_featured_page widget-featured-page panel-first-child panel-last-child\" data-index=\"1\" ><div class=\"limitheight panel-widget-style panel-widget-style-for-572-0-1-0\" >\n\n\t<div class=\"page-box  page-box--block\">\n\t\t\t<a class=\"page-box__picture\" href=\"https:\/\/akurats.com\/en\/tents\/\"><img src=\"https:\/\/akurats.com\/wp-content\/uploads\/2015\/06\/biznesa-augstskola-turiba-6-320x240.jpg\" width=\"320\" height=\"240\" sizes=\"(min-width: 992px) 360px, calc(100vw - 30px)\" class=\"wp-post-image\" alt=\"Tents\"><\/a>\n\t\t<div class=\"page-box__content\">\n\t\t\t<h5 class=\"page-box__title  text-uppercase\"><a href=\"https:\/\/akurats.com\/en\/tents\/\">Tents<\/a><\/h5>\n\t\t\t<p>Different tent sizes - 3x3m, 10x15m, 10x60m, 20x75m, 5x5m, 10x20m, 12x50m, tent star, tent with cone roof.<\/p>\n\t\t\t\t<p><a href=\"https:\/\/akurats.com\/en\/tents\/\" class=\"read-more  read-more--page-box\">Read more<\/a><\/p>\n\t\t<\/div>\n\t<\/div>\n\n<\/div><\/div><\/div><div id=\"pgc-572-0-2\"  class=\"panel-grid-cell\" ><div id=\"panel-572-0-2-0\" class=\"so-panel widget widget_pw_featured_page widget-featured-page panel-first-child panel-last-child\" data-index=\"2\" ><div class=\"limitheight panel-widget-style panel-widget-style-for-572-0-2-0\" >\n\n\t<div class=\"page-box  page-box--block\">\n\t\t\t<a class=\"page-box__picture\" href=\"https:\/\/akurats.com\/en\/equipment-rent\/\"><img src=\"https:\/\/akurats.com\/wp-content\/uploads\/2015\/06\/griestu_sienu_dek_big_1-320x240.jpg\" width=\"320\" height=\"240\" sizes=\"(min-width: 992px) 360px, calc(100vw - 30px)\" class=\"wp-post-image\" alt=\"Equipment\"><\/a>\n\t\t<div class=\"page-box__content\">\n\t\t\t<h5 class=\"page-box__title  text-uppercase\"><a href=\"https:\/\/akurats.com\/en\/equipment-rent\/\">Equipment<\/a><\/h5>\n\t\t\t<p>Foldable stage, glass doors, heaters, lighting lamps, panels, tables and benches and much, much more... Just contact us!<\/p>\n\t\t\t\t<p><a href=\"https:\/\/akurats.com\/en\/equipment-rent\/\" class=\"read-more  read-more--page-box\">Read more<\/a><\/p>\n\t\t<\/div>\n\t<\/div>\n\n<\/div><\/div><\/div><div id=\"pgc-572-0-3\"  class=\"panel-grid-cell\" ><div id=\"panel-572-0-3-0\" class=\"so-panel widget widget_pw_featured_page widget-featured-page panel-first-child panel-last-child\" data-index=\"3\" ><div class=\"limitheight panel-widget-style panel-widget-style-for-572-0-3-0\" >\n\n\t<div class=\"page-box  page-box--block\">\n\t\t\t<a class=\"page-box__picture\" href=\"https:\/\/akurats.com\/en\/floors\/\"><img src=\"https:\/\/akurats.com\/wp-content\/uploads\/2015\/06\/kokagridas9_big-320x240.jpg\" width=\"320\" height=\"240\" sizes=\"(min-width: 992px) 360px, calc(100vw - 30px)\" class=\"wp-post-image\" alt=\"Floors\"><\/a>\n\t\t<div class=\"page-box__content\">\n\t\t\t<h5 class=\"page-box__title  text-uppercase\"><a href=\"https:\/\/akurats.com\/en\/floors\/\">Floors<\/a><\/h5>\n\t\t\t<p>Wooden Plank Floors<\/p>\n\t\t\t\t<p><a href=\"https:\/\/akurats.com\/en\/floors\/\" class=\"read-more  read-more--page-box\">Read more<\/a><\/p>\n\t\t<\/div>\n\t<\/div>\n\n<\/div><\/div><\/div><\/div><\/div><div id=\"pg-572-1\"  class=\"panel-grid panel-no-style\" ><div id=\"pgc-572-1-0\"  class=\"panel-grid-cell\" ><div id=\"panel-572-1-0-0\" class=\"so-panel widget widget_black-studio-tinymce widget_black_studio_tinymce panel-first-child panel-last-child\" data-index=\"4\" ><div class=\"widget-title--big panel-widget-style panel-widget-style-for-572-1-0-0\" ><h3 class=\"widget-title\"><span class=\"widget-title__inline\">OUR SERVICES<\/span><\/h3><div class=\"textwidget\"><p>&nbsp;<\/p>\n<\/div><\/div><\/div><\/div><\/div><div id=\"pg-572-2\"  class=\"panel-grid panel-no-style\" ><div id=\"pgc-572-2-0\"  class=\"panel-grid-cell\" ><div id=\"panel-572-2-0-0\" class=\"so-panel widget widget_pw_icon_box widget-icon-box panel-first-child\" data-index=\"5\" >\n\n\t\t<a class=\"icon-box\" href=\"\/tents\/\" target=\"_self\">\n\n\t\t<i class=\"fa  fa-angle-up\"><\/i>\n\t\t<h4 class=\"icon-box__title\">TENT RENT<\/h4>\n\t\t<span class=\"icon-box__subtitle\"><\/span>\n\n\t\t<\/a>\n\n<\/div><div id=\"panel-572-2-0-1\" class=\"so-panel widget widget_pw_icon_box widget-icon-box panel-last-child\" data-index=\"6\" >\n\n\t\t<a class=\"icon-box\" href=\"\/equipment\/heaters\/\" target=\"_self\">\n\n\t\t<i class=\"fa  fa-bullseye\"><\/i>\n\t\t<h4 class=\"icon-box__title\">HEATERS RENT<\/h4>\n\t\t<span class=\"icon-box__subtitle\"><\/span>\n\n\t\t<\/a>\n\n<\/div><\/div><div id=\"pgc-572-2-1\"  class=\"panel-grid-cell\" ><div id=\"panel-572-2-1-0\" class=\"so-panel widget widget_pw_icon_box widget-icon-box panel-first-child\" data-index=\"7\" >\n\n\t\t<a class=\"icon-box\" href=\"\/floors\/wooden-plank-floors\/\" target=\"_self\">\n\n\t\t<i class=\"fa  fa-th\"><\/i>\n\t\t<h4 class=\"icon-box__title\">WOODEN PLANK FLOORS<\/h4>\n\t\t<span class=\"icon-box__subtitle\"><\/span>\n\n\t\t<\/a>\n\n<\/div><div id=\"panel-572-2-1-1\" class=\"so-panel widget widget_pw_icon_box widget-icon-box panel-last-child\" data-index=\"8\" >\n\n\t\t<a class=\"icon-box\" href=\"#\" target=\"_self\">\n\n\t\t<i class=\"fa  fa-cloud\"><\/i>\n\t\t<h4 class=\"icon-box__title\">INFLATABLE SOFA RENT<\/h4>\n\t\t<span class=\"icon-box__subtitle\"><\/span>\n\n\t\t<\/a>\n\n<\/div><\/div><div id=\"pgc-572-2-2\"  class=\"panel-grid-cell\" ><div id=\"panel-572-2-2-0\" class=\"so-panel widget widget_pw_icon_box widget-icon-box panel-first-child\" data-index=\"9\" >\n\n\t\t<a class=\"icon-box\" href=\"\/equipment\/tables-and-benches\/\" target=\"_self\">\n\n\t\t<i class=\"fa  fa-stop\"><\/i>\n\t\t<h4 class=\"icon-box__title\">TABLES AND BENCHES<\/h4>\n\t\t<span class=\"icon-box__subtitle\"><\/span>\n\n\t\t<\/a>\n\n<\/div><div id=\"panel-572-2-2-1\" class=\"so-panel widget widget_pw_icon_box widget-icon-box panel-last-child\" data-index=\"10\" >\n\n\t\t<a class=\"icon-box\" href=\"#\" target=\"_self\">\n\n\t\t<i class=\"fa  fa-ellipsis-v\"><\/i>\n\t\t<h4 class=\"icon-box__title\">DELIMITING POSTS<\/h4>\n\t\t<span class=\"icon-box__subtitle\"><\/span>\n\n\t\t<\/a>\n\n<\/div><\/div><\/div><div id=\"pg-572-3\"  class=\"panel-grid panel-no-style\" ><div id=\"pgc-572-3-0\"  class=\"panel-grid-cell\" ><div id=\"panel-572-3-0-0\" class=\"so-panel widget widget_black-studio-tinymce widget_black_studio_tinymce panel-first-child panel-last-child\" data-index=\"11\" ><div class=\"textwidget\"><style>\n.iframe-container {\n    position: relative;\n     width: 100%;\n     height: 0;\n     padding-bottom: 56.25%;\n }\n .iframe-container iframe {\n     position: absolute;\n     top: 0;\n     left: 0;\n     width: 100%;\n     height: 100%;\n }\n<\/style>\n<div class=\"iframe-container\">\n   <iframe src=\"https:\/\/www.youtube.com\/embed\/2LP0xTEkY8Y\" width=\"100%\" frameborder=\"0\" allowfullscreen=\"allowfullscreen\"><\/iframe>\n<\/div>\n<\/div><\/div><\/div><\/div><div id=\"pg-572-4\"  class=\"panel-grid panel-has-style\" ><div class=\"siteorigin-panels-stretch panel-row-style panel-row-style-for-572-4\" data-stretch-type=\"full\" ><div id=\"pgc-572-4-0\"  class=\"panel-grid-cell\" ><div id=\"panel-572-4-0-0\" class=\"so-panel widget widget_pw_call_to_action widget-call-to-action panel-first-child panel-last-child\" data-index=\"12\" >\t\t\t\t<div class=\"call-to-action\">\n\t\t\t\t\t<div class=\"call-to-action__text\">\n\t\t\t\t\t\tInterested in our services? Contact us!\t\t\t\t\t<\/div>\n\t\t\t\t\t<div class=\"call-to-action__button\">\n\t\t\t\t\t\t<a class=\"btn    btn-primary\" href=\"\/contacts\/\" target=\"_blank\">ORDER NOW<\/a>\t\t\t\t\t<\/div>\n\t\t\t\t<\/div>\n\t\t\t<\/div><\/div><\/div><\/div><div id=\"pg-572-5\"  class=\"panel-grid panel-has-style\" ><div class=\"siteorigin-panels-stretch panel-row-style panel-row-style-for-572-5\" data-stretch-type=\"full\" ><div id=\"pgc-572-5-0\"  class=\"panel-grid-cell\" ><div id=\"panel-572-5-0-0\" class=\"so-panel widget widget_pw_testimonials widget-testimonials panel-first-child panel-last-child\" data-index=\"13\" ><div class=\"widget-title--big panel-widget-style panel-widget-style-for-572-5-0-0\" >\n\t<div class=\"testimonial\">\n\n\t\t<h3 class=\"widget-title\"><span class=\"widget-title__inline\"> CUSTOMER FEEDBACK<\/span><\/h3>\n\n\t\t\t<div class=\"testimonial__carousel\">\n\t\t\t\t<a class=\"testimonial__carousel--left\" href=\"#carousel-testimonials-widget-5-0-0\" data-slide=\"prev\"><i class=\"fa  fa-caret-left\" aria-hidden=\"true\"><\/i><span class=\"sr-only\" role=\"button\">Next<\/span><\/a>\n\t\t\t\t<a class=\"testimonial__carousel--right\" href=\"#carousel-testimonials-widget-5-0-0\" data-slide=\"next\"><i class=\"fa  fa-caret-right\" aria-hidden=\"true\"><\/i><span class=\"sr-only\" role=\"button\">Previous<\/span><\/a>\n\t\t\t<\/div>\n\n\t\t<div id=\"carousel-testimonials-widget-5-0-0\" class=\"carousel slide\" data-ride=\"carousel\" data-interval=\"false\">\n\t\t\t<!-- Wrapper for slides -->\n\t\t\t<div class=\"carousel-inner\" role=\"listbox\">\n\t\t\t\t<div class=\"item active\">\n\t\t\t\t\t<div class=\"row\">\n\t\t\t\t\t\t\t\n\t\t\t\t\t\t\t<div class=\"col-xs-12  col-sm-6\">\n\t\t\t\t\t\t\t\t<blockquote>\n\t\t\t\t\t\t\t\t\t<p class=\"testimonial__quote\">\n\t\t\t\t\t\t\t\t\t\tJums ir \u013coti labi, izpal\u012bdz\u012bgi, saproto\u0161i, \u010dakli un operat\u012bvi darbinieki. No darba nebaid\u0101s un pal\u012bdz, r\u012bkojas, lai gl\u0101btu situ\u0101ciju (sniegs bija visliel\u0101kais p\u0101rsteigums).\n\t\t\t\t\t\t\t\t\t<\/p>\n\t\t\t\t\t\t\t\t\t<cite class=\"testimonial__author\">\n\t\t\t\t\t\t\t\t\t\tProject manager in energetic company\n\t\t\t\t\t\t\t\t\t<\/cite>\n\n\t\t\t\t\t\t\t\t<\/blockquote>\n\t\t\t\t\t\t\t<\/div>\n\t\t\t\t\t\t\t\n\t\t\t\t\t\t\t<div class=\"col-xs-12  col-sm-6\">\n\t\t\t\t\t\t\t\t<blockquote>\n\t\t\t\t\t\t\t\t\t<p class=\"testimonial__quote\">\n\t\t\t\t\t\t\t\t\t\tGribu sav\u0101 un Gerdas v\u0101rd\u0101 pateikt jums paldies par lielisko sadarb\u012bbu. Mums bija \u013coti viegli str\u0101d\u0101t un nenoliedzami j\u016bs esat profesion\u0101la komanda! \ud83d\ude42 Paldies liels!\n\t\t\t\t\t\t\t\t\t<\/p>\n\t\t\t\t\t\t\t\t\t<cite class=\"testimonial__author\">\n\t\t\t\t\t\t\t\t\t\tPrivate person\n\t\t\t\t\t\t\t\t\t<\/cite>\n\n\t\t\t\t\t\t\t\t<\/blockquote>\n\t\t\t\t\t\t\t<\/div>\n\t\t\t\t\t\t\t<\/div><\/div> <div class=\"item\"><div class=\"row\">\n\t\t\t\t\t\t\t<div class=\"col-xs-12  col-sm-6\">\n\t\t\t\t\t\t\t\t<blockquote>\n\t\t\t\t\t\t\t\t\t<p class=\"testimonial__quote\">\n\t\t\t\t\t\t\t\t\t\tViss izcili! Lielisks sadarb\u012bbas partneris!\n\t\t\t\t\t\t\t\t\t<\/p>\n\t\t\t\t\t\t\t\t\t<cite class=\"testimonial__author\">\n\t\t\t\t\t\t\t\t\t\tBank marketing specialist\n\t\t\t\t\t\t\t\t\t<\/cite>\n\n\t\t\t\t\t\t\t\t<\/blockquote>\n\t\t\t\t\t\t\t<\/div>\n\t\t\t\t\t\t\t\n\t\t\t\t\t\t\t<div class=\"col-xs-12  col-sm-6\">\n\t\t\t\t\t\t\t\t<blockquote>\n\t\t\t\t\t\t\t\t\t<p class=\"testimonial__quote\">\n\t\t\t\t\t\t\t\t\t\tMe\u017ea diena ir veiksm\u012bgi aizvad\u012bta. V\u0113los pateikt Paldies par veikto darbi\u0146u! Viss, k\u0101 vienm\u0113r, bija k\u0101rt\u012bb\u0101. Lai darbi veicas!\n\t\t\t\t\t\t\t\t\t<\/p>\n\t\t\t\t\t\t\t\t\t<cite class=\"testimonial__author\">\n\t\t\t\t\t\t\t\t\t\tWoodworking company holding manager\n\t\t\t\t\t\t\t\t\t<\/cite>\n\n\t\t\t\t\t\t\t\t<\/blockquote>\n\t\t\t\t\t\t\t<\/div>\n\t\t\t\t\t\t\t<\/div><\/div> <div class=\"item\"><div class=\"row\">\n\t\t\t\t\t\t\t<div class=\"col-xs-12  col-sm-6\">\n\t\t\t\t\t\t\t\t<blockquote>\n\t\t\t\t\t\t\t\t\t<p class=\"testimonial__quote\">\n\t\t\t\t\t\t\t\t\t\tViss bija laik\u0101 un viet\u0101. Apr\u012bkojums labs un kvalitat\u012bvs, j\u016bsu darbinieki \u0101tri un profesion\u0101li. Liels paldies un uz sadarb\u012bbu ar\u012b turpm\u0101k!\n\t\t\t\t\t\t\t\t\t<\/p>\n\t\t\t\t\t\t\t\t\t<cite class=\"testimonial__author\">\n\t\t\t\t\t\t\t\t\t\tInternational travel agency Senior Project Manager\n\t\t\t\t\t\t\t\t\t<\/cite>\n\n\t\t\t\t\t\t\t\t<\/blockquote>\n\t\t\t\t\t\t\t<\/div>\n\t\t\t\t\t<\/div>\n\t\t\t\t<\/div>\n\t\t\t<\/div>\n\t\t<\/div>\n\t<\/div>\n\n<\/div><\/div><\/div><\/div><\/div><div id=\"pg-572-6\"  class=\"panel-grid panel-no-style\" ><div id=\"pgc-572-6-0\"  class=\"panel-grid-cell\" ><div id=\"panel-572-6-0-0\" class=\"so-panel widget widget_text panel-first-child panel-last-child\" data-index=\"14\" ><div class=\"widget-title--big panel-widget-style panel-widget-style-for-572-6-0-0\" ><h3 class=\"widget-title\"><span class=\"widget-title__inline\">OUR PARTNERS<\/span><\/h3>\t\t\t<div class=\"textwidget\"><div class=\"logo-panel\">\n  <div class=\"row\">\n    <div class=\"col-xs-12  col-sm-2\">\n      <img src=\"\/wp-content\/uploads\/2015\/06\/ramirent-logo.png\" alt=\"Ramirent\">\n    <\/div>\n    <div class=\"col-xs-12  col-sm-2\">\n      <img src=\"\/wp-content\/uploads\/2015\/06\/losberger-logo.png\" alt=\"Losberger\">\n    <\/div>\n    <div class=\"col-xs-12  col-sm-2\">\n      <img src=\"\/wp-content\/uploads\/2015\/06\/stats-logo.png\" alt=\"Stats\">\n    <\/div>\n    <div class=\"col-xs-12  col-sm-2\">\n      <img src=\"\/wp-content\/uploads\/2015\/06\/rukis-logo.png\" alt=\"R\u016b\u0137is\">\n    <\/div>\n    <div class=\"col-xs-12  col-sm-2\">\n      <img src=\"\/wp-content\/uploads\/2015\/06\/dsv-logo.png\" alt=\"DSV\">\n    <\/div>\n    <div class=\"col-xs-12  col-sm-2\">\n      <img src=\"https:\/\/akurats.com\/wp-content\/uploads\/2019\/02\/RC-kazu-auto-noma.png\" alt=\"Client\">\n    <\/div>\n  <\/div>\n<\/div><\/div>\n\t\t<\/div><\/div><\/div><\/div><div id=\"pg-572-7\"  class=\"panel-grid panel-has-style\" ><div class=\"siteorigin-panels-stretch panel-row-style panel-row-style-for-572-7\" data-stretch-type=\"full\" ><div id=\"pgc-572-7-0\"  class=\"panel-grid-cell\" ><div id=\"panel-572-7-0-0\" class=\"so-panel widget widget_pw_number-counter widget-number-counter panel-first-child panel-last-child\" data-index=\"15\" >\t\t\t\t<div class=\"widget-number-counters\" data-speed=\"1000\">\n\t\t\t\t\t\t\t\t\t<div class=\"number-counter\">\n\t\t\t\t\t\t<i class=\"number-counter__icon  fa  fa-clock-o\"><\/i>\n\t\t\t\t\t\t<div class=\"number-counter__number  js-number\" data-to=\"10\">00<\/div>\n\t\t\t\t\t\t<div class=\"number-counter__title\">Years experience<\/div>\n\t\t\t\t\t<\/div>\n\t\t\t\t\t\t\t\t\t<div class=\"number-counter\">\n\t\t\t\t\t\t<i class=\"number-counter__icon  fa  fa-users\"><\/i>\n\t\t\t\t\t\t<div class=\"number-counter__number  js-number\" data-to=\"10\">00<\/div>\n\t\t\t\t\t\t<div class=\"number-counter__title\">Professional stuff<\/div>\n\t\t\t\t\t<\/div>\n\t\t\t\t\t\t\t\t\t<div class=\"number-counter\">\n\t\t\t\t\t\t<i class=\"number-counter__icon  fa  fa-truck\"><\/i>\n\t\t\t\t\t\t<div class=\"number-counter__number  js-number\" data-to=\"4\">0<\/div>\n\t\t\t\t\t\t<div class=\"number-counter__title\">Auto fleet<\/div>\n\t\t\t\t\t<\/div>\n\t\t\t\t\t\t\t\t\t<div class=\"number-counter\">\n\t\t\t\t\t\t<i class=\"number-counter__icon  fa  fa-globe\"><\/i>\n\t\t\t\t\t\t<div class=\"number-counter__number  js-number\" data-to=\"3\">0<\/div>\n\t\t\t\t\t\t<div class=\"number-counter__title\">Countries<\/div>\n\t\t\t\t\t<\/div>\n\t\t\t\t\t\t\t\t<\/div>\n\t\t\t<\/div><\/div><\/div><\/div><\/div>","protected":false},"excerpt":{"rendered":"<p>Exhibitions, presentations of new products or services, larger or smaller hospitalities events, corporate and private celebrations, sports competitions, &#8230; up to grand festivities and city festivals \u2013 whatever place might be chosen for the event &#8211; sunlit beach&#8230; high-riser&#8217;s terrace&#8230; ship deck&#8230; airfield&#8230; Read more &nbsp;<\/p>\n","protected":false},"author":1,"featured_media":0,"parent":0,"menu_order":0,"comment_status":"closed","ping_status":"closed","template":"template-front-page-slider.php","meta":[],"acf":[],"yoast_head":"<!-- This site is optimized with the Yoast SEO plugin v19.9 - https:\/\/yoast.com\/wordpress\/plugins\/seo\/ -->\n<title>Rental of tents, tables, chairs and other equipment for events<\/title>\n<meta name=\"description\" content=\"Rent tents, tables, chairs and other equipment for events at Akur\u0101ts! Wide range and delivery throughout Latvia.\" \/>\n<meta name=\"robots\" content=\"index, follow, max-snippet:-1, max-image-preview:large, max-video-preview:-1\" \/>\n<link rel=\"canonical\" href=\"https:\/\/akurats.com\/en\/\" \/>\n<meta name=\"twitter:label1\" content=\"Est. reading time\" \/>\n\t<meta name=\"twitter:data1\" content=\"2 minutes\" \/>\n<script type=\"application\/ld+json\" class=\"yoast-schema-graph\">{\"@context\":\"https:\/\/schema.org\",\"@graph\":[{\"@type\":\"WebPage\",\"@id\":\"https:\/\/akurats.com\/en\/\",\"url\":\"https:\/\/akurats.com\/en\/\",\"name\":\"Rental of tents, tables, chairs and other equipment for events\",\"isPartOf\":{\"@id\":\"https:\/\/akurats.com\/en\/#website\"},\"datePublished\":\"2015-06-18T15:29:35+00:00\",\"dateModified\":\"2025-06-28T18:13:22+00:00\",\"description\":\"Rent tents, tables, chairs and other equipment for events at Akur\u0101ts! Wide range and delivery throughout Latvia.\",\"breadcrumb\":{\"@id\":\"https:\/\/akurats.com\/en\/#breadcrumb\"},\"inLanguage\":\"en-US\",\"potentialAction\":[{\"@type\":\"ReadAction\",\"target\":[\"https:\/\/akurats.com\/en\/\"]}]},{\"@type\":\"BreadcrumbList\",\"@id\":\"https:\/\/akurats.com\/en\/#breadcrumb\",\"itemListElement\":[{\"@type\":\"ListItem\",\"position\":1,\"name\":\"Home\",\"item\":\"https:\/\/akurats.com\/en\/\"},{\"@type\":\"ListItem\",\"position\":2,\"name\":\"Startpage\"}]},{\"@type\":\"WebSite\",\"@id\":\"https:\/\/akurats.com\/en\/#website\",\"url\":\"https:\/\/akurats.com\/en\/\",\"name\":\"Akur\u0101ts\",\"description\":\"event equipment service\",\"publisher\":{\"@id\":\"https:\/\/akurats.com\/en\/#organization\"},\"alternateName\":\"Event equipment service\",\"potentialAction\":[{\"@type\":\"SearchAction\",\"target\":{\"@type\":\"EntryPoint\",\"urlTemplate\":\"https:\/\/akurats.com\/en\/?s={search_term_string}\"},\"query-input\":\"required name=search_term_string\"}],\"inLanguage\":\"en-US\"},{\"@type\":\"Organization\",\"@id\":\"https:\/\/akurats.com\/en\/#organization\",\"name\":\"Akur\u0101ts\",\"alternateName\":\"Event equipment service\",\"url\":\"https:\/\/akurats.com\/en\/\",\"logo\":{\"@type\":\"ImageObject\",\"inLanguage\":\"en-US\",\"@id\":\"https:\/\/akurats.com\/en\/#\/schema\/logo\/image\/\",\"url\":\"https:\/\/akurats.com\/wp-content\/uploads\/2015\/06\/A_logo.png\",\"contentUrl\":\"https:\/\/akurats.com\/wp-content\/uploads\/2015\/06\/A_logo.png\",\"width\":77,\"height\":70,\"caption\":\"Akur\u0101ts\"},\"image\":{\"@id\":\"https:\/\/akurats.com\/en\/#\/schema\/logo\/image\/\"},\"sameAs\":[\"https:\/\/www.facebook.com\/AkuratsSIA\"]}]}<\/script>\n<!-- \/ Yoast SEO plugin. -->","yoast_head_json":{"title":"Rental of tents, tables, chairs and other equipment for events","description":"Rent tents, tables, chairs and other equipment for events at Akur\u0101ts! Wide range and delivery throughout Latvia.","robots":{"index":"index","follow":"follow","max-snippet":"max-snippet:-1","max-image-preview":"max-image-preview:large","max-video-preview":"max-video-preview:-1"},"canonical":"https:\/\/akurats.com\/en\/","twitter_misc":{"Est. reading time":"2 minutes"},"schema":{"@context":"https:\/\/schema.org","@graph":[{"@type":"WebPage","@id":"https:\/\/akurats.com\/en\/","url":"https:\/\/akurats.com\/en\/","name":"Rental of tents, tables, chairs and other equipment for events","isPartOf":{"@id":"https:\/\/akurats.com\/en\/#website"},"datePublished":"2015-06-18T15:29:35+00:00","dateModified":"2025-06-28T18:13:22+00:00","description":"Rent tents, tables, chairs and other equipment for events at Akur\u0101ts! Wide range and delivery throughout Latvia.","breadcrumb":{"@id":"https:\/\/akurats.com\/en\/#breadcrumb"},"inLanguage":"en-US","potentialAction":[{"@type":"ReadAction","target":["https:\/\/akurats.com\/en\/"]}]},{"@type":"BreadcrumbList","@id":"https:\/\/akurats.com\/en\/#breadcrumb","itemListElement":[{"@type":"ListItem","position":1,"name":"Home","item":"https:\/\/akurats.com\/en\/"},{"@type":"ListItem","position":2,"name":"Startpage"}]},{"@type":"WebSite","@id":"https:\/\/akurats.com\/en\/#website","url":"https:\/\/akurats.com\/en\/","name":"Akur\u0101ts","description":"event equipment service","publisher":{"@id":"https:\/\/akurats.com\/en\/#organization"},"alternateName":"Event equipment service","potentialAction":[{"@type":"SearchAction","target":{"@type":"EntryPoint","urlTemplate":"https:\/\/akurats.com\/en\/?s={search_term_string}"},"query-input":"required name=search_term_string"}],"inLanguage":"en-US"},{"@type":"Organization","@id":"https:\/\/akurats.com\/en\/#organization","name":"Akur\u0101ts","alternateName":"Event equipment service","url":"https:\/\/akurats.com\/en\/","logo":{"@type":"ImageObject","inLanguage":"en-US","@id":"https:\/\/akurats.com\/en\/#\/schema\/logo\/image\/","url":"https:\/\/akurats.com\/wp-content\/uploads\/2015\/06\/A_logo.png","contentUrl":"https:\/\/akurats.com\/wp-content\/uploads\/2015\/06\/A_logo.png","width":77,"height":70,"caption":"Akur\u0101ts"},"image":{"@id":"https:\/\/akurats.com\/en\/#\/schema\/logo\/image\/"},"sameAs":["https:\/\/www.facebook.com\/AkuratsSIA"]}]}},"_links":{"self":[{"href":"https:\/\/akurats.com\/en\/wp-json\/wp\/v2\/pages\/572"}],"collection":[{"href":"https:\/\/akurats.com\/en\/wp-json\/wp\/v2\/pages"}],"about":[{"href":"https:\/\/akurats.com\/en\/wp-json\/wp\/v2\/types\/page"}],"author":[{"embeddable":true,"href":"https:\/\/akurats.com\/en\/wp-json\/wp\/v2\/users\/1"}],"replies":[{"embeddable":true,"href":"https:\/\/akurats.com\/en\/wp-json\/wp\/v2\/comments?post=572"}],"version-history":[{"count":43,"href":"https:\/\/akurats.com\/en\/wp-json\/wp\/v2\/pages\/572\/revisions"}],"predecessor-version":[{"id":28850,"href":"https:\/\/akurats.com\/en\/wp-json\/wp\/v2\/pages\/572\/revisions\/28850"}],"wp:attachment":[{"href":"https:\/\/akurats.com\/en\/wp-json\/wp\/v2\/media?parent=572"}],"curies":[{"name":"wp","href":"https:\/\/api.w.org\/{rel}","templated":true}]}}