{"id":4051,"date":"2020-01-17T14:17:21","date_gmt":"2020-01-17T14:17:21","guid":{"rendered":"https:\/\/akurats.com\/equipment-rent\/led-gaismas-kubi\/"},"modified":"2025-06-28T18:46:44","modified_gmt":"2025-06-28T18:46:44","slug":"led-gaismas-kubi","status":"publish","type":"page","link":"https:\/\/akurats.com\/en\/equipment-rent\/led-gaismas-kubi\/","title":{"rendered":"LED cube"},"content":{"rendered":"<div id=\"pl-4051\"  class=\"panel-layout\" ><div id=\"pg-4051-0\"  class=\"panel-grid panel-no-style\" ><div id=\"pgc-4051-0-0\"  class=\"panel-grid-cell\" ><div id=\"panel-4051-0-0-0\" class=\"so-panel widget widget_black-studio-tinymce widget_black_studio_tinymce panel-first-child\" data-index=\"0\" ><div class=\"textwidget\"><p><a href=\"https:\/\/akurats.com\/wp-content\/uploads\/2020\/01\/led_kubi_noma_Akurats.png\"><img class=\"aligncenter size-full wp-image-4043\" src=\"https:\/\/akurats.com\/wp-content\/uploads\/2020\/01\/led_kubi_noma_Akurats.png\" alt=\"led gaismas kubi\" width=\"2018\" height=\"799\" \/><\/a><\/p>\n<\/div><\/div><div id=\"panel-4051-0-0-1\" class=\"so-panel widget widget_sow-editor panel-last-child\" data-index=\"1\" ><div\n\t\t\t\n\t\t\tclass=\"so-widget-sow-editor so-widget-sow-editor-base\"\n\t\t\t\n\t\t>\n<div class=\"siteorigin-widget-tinymce textwidget\">\n\t<p>Ne tikai gada tum\u0161aj\u0101 laik\u0101, bet ar\u012b vasaras nakt\u012bs\u00a0bie\u017ei vien nepiecie\u0161ami da\u017e\u0101di papildus gaismas risin\u0101jumi, \u012bpa\u0161i, ja tiek organiz\u0113ti k\u0101di sv\u0113tki vai liel\u0101ki pas\u0101kumi.<\/p>\n<p>Uz\u0146\u0113mums\u00a0Akur\u0101ts pied\u0101v\u0101 iznom\u0101t LED gaismas kubus, kas pal\u012bdz\u0113s rad\u012bt \u012bpa\u0161u atmosf\u0113ru un noska\u0146u jebkuram pas\u0101kumam neatkar\u012bgi no t\u0101, vai tas notiks smalk\u0101 viesn\u012bcas vestibil\u0101, pamest\u0101 fabrikas \u0113k\u0101 vai \u0101ra vid\u0113.<\/p>\n<p>Izv\u0113loties LED gaismas risin\u0101jumus pas\u0101kuma norises viet\u0101, pateicoties 16 kr\u0101su to\u0146u vari\u0101cij\u0101m, var\u0113siet piem\u0113rot tie\u0161i savam pas\u0101kumam nepiecie\u0161amo noska\u0146u. Izv\u0113loties maigu, bl\u0101vu da\u017e\u0101du kr\u0101su p\u0101reju\u00a0rad\u012bsiet nomierino\u0161u atmosf\u0113ru, savuk\u0101rt, izv\u0113loties spilgt\u0101kas un dinamisk\u0101kas nokr\u0101sas ar zib\u0161\u0146u funkciju, ball\u012btes re\u017e\u012bmam b\u016bsiet gatavi acumirkl\u012b!<\/p>\n<h3>LED gaismas kubu specifik\u0101cija:<\/h3>\n<ul>\n<li>Bezvadu<\/li>\n<li>P\u0113c uzl\u0101des darbojas 9-12 stundas<\/li>\n<li>16 kr\u0101su mai\u0146as funkcijas<\/li>\n<li>Vienas nemain\u012bgas kr\u0101sas izv\u0113le<\/li>\n<li>Kubu var izmantot k\u0101 kr\u0113slu vai galdu (maks. svars 100 kg.)<\/li>\n<li>Izm\u0113rs 0.4m x 0.4m x 0.4m<\/li>\n<\/ul>\n<p><a class=\"order-en btn btn-primary\"><i class=\"fa fa-book pr-5\"><\/i>FILL OUT AN APPLICATION<\/a><\/p>\n<\/div>\n<\/div><\/div><\/div><\/div><div id=\"pg-4051-1\"  class=\"panel-grid panel-no-style\" ><div id=\"pgc-4051-1-0\"  class=\"panel-grid-cell\" ><div id=\"panel-4051-1-0-0\" class=\"so-panel widget widget_black-studio-tinymce widget_black_studio_tinymce panel-first-child panel-last-child\" data-index=\"2\" ><div class=\"textwidget\"><p><a href=\"https:\/\/akurats.com\/wp-content\/uploads\/2020\/01\/led_bara_lete_zalja_noma.jpg\"><img class=\"aligncenter size-full wp-image-3936\" src=\"https:\/\/akurats.com\/wp-content\/uploads\/2020\/01\/led_bara_lete_zalja_noma.jpg\" alt=\"led_bara_lete_zalja_noma\" width=\"2016\" height=\"1512\" \/><\/a><\/p>\n<\/div><\/div><\/div><div id=\"pgc-4051-1-1\"  class=\"panel-grid-cell\" ><div id=\"panel-4051-1-1-0\" class=\"so-panel widget widget_black-studio-tinymce widget_black_studio_tinymce panel-first-child panel-last-child\" data-index=\"3\" ><div class=\"textwidget\"><p><a href=\"https:\/\/akurats.com\/wp-content\/uploads\/2020\/01\/led_bara_lete_sarkana.jpg\"><img src=\"https:\/\/akurats.com\/wp-content\/uploads\/2020\/01\/led_bara_lete_sarkana.jpg\" alt=\"led_bara_lete_sarkana\" width=\"2016\" height=\"1512\" class=\"aligncenter size-full wp-image-3931\" \/><\/a><\/p>\n<\/div><\/div><\/div><div id=\"pgc-4051-1-2\"  class=\"panel-grid-cell\" ><div id=\"panel-4051-1-2-0\" class=\"so-panel widget widget_black-studio-tinymce widget_black_studio_tinymce panel-first-child panel-last-child\" data-index=\"4\" ><div class=\"textwidget\"><p><a href=\"https:\/\/akurats.com\/wp-content\/uploads\/2020\/01\/led_bara_lete_akurats.jpg\"><img class=\"aligncenter size-full wp-image-3921\" src=\"https:\/\/akurats.com\/wp-content\/uploads\/2020\/01\/led_bara_lete_akurats.jpg\" alt=\"led_bara_lete_akurats\" width=\"2016\" height=\"1512\" \/><\/a><\/p>\n<\/div><\/div><\/div><\/div><\/div>","protected":false},"excerpt":{"rendered":"<p>Ne tikai gada tum\u0161aj\u0101 laik\u0101, bet ar\u012b vasaras nakt\u012bs\u00a0bie\u017ei vien nepiecie\u0161ami da\u017e\u0101di papildus gaismas risin\u0101jumi, \u012bpa\u0161i, ja tiek organiz\u0113ti k\u0101di sv\u0113tki vai liel\u0101ki pas\u0101kumi. Uz\u0146\u0113mums\u00a0Akur\u0101ts pied\u0101v\u0101 iznom\u0101t LED gaismas kubus, kas pal\u012bdz\u0113s rad\u012bt \u012bpa\u0161u atmosf\u0113ru un noska\u0146u jebkuram pas\u0101kumam neatkar\u012bgi no t\u0101, vai tas notiks smalk\u0101 viesn\u012bcas vestibil\u0101, pamest\u0101 fabrikas \u0113k\u0101 vai \u0101ra vid\u0113. Izv\u0113loties &hellip;<\/p>\n","protected":false},"author":3,"featured_media":4035,"parent":10,"menu_order":0,"comment_status":"closed","ping_status":"closed","template":"","meta":[],"acf":[],"yoast_head":"<!-- This site is optimized with the Yoast SEO plugin v19.9 - https:\/\/yoast.com\/wordpress\/plugins\/seo\/ -->\n<title>Lights for events - LED light cubes for events<\/title>\n<meta name=\"description\" content=\"LED light cubes create a special atmosphere for any event - in a fine hotel lobby, an abandoned factory building or under the open sky.\" \/>\n<meta name=\"robots\" content=\"index, follow, max-snippet:-1, max-image-preview:large, max-video-preview:-1\" \/>\n<link rel=\"canonical\" href=\"https:\/\/akurats.com\/en\/equipment-rent\/led-gaismas-kubi\/\" \/>\n<meta name=\"twitter:label1\" content=\"Est. reading time\" \/>\n\t<meta name=\"twitter:data1\" content=\"2 minutes\" \/>\n<script type=\"application\/ld+json\" class=\"yoast-schema-graph\">{\"@context\":\"https:\/\/schema.org\",\"@graph\":[{\"@type\":\"WebPage\",\"@id\":\"https:\/\/akurats.com\/en\/equipment-rent\/led-gaismas-kubi\/\",\"url\":\"https:\/\/akurats.com\/en\/equipment-rent\/led-gaismas-kubi\/\",\"name\":\"Lights for events - LED light cubes for events\",\"isPartOf\":{\"@id\":\"https:\/\/akurats.com\/en\/#website\"},\"datePublished\":\"2020-01-17T14:17:21+00:00\",\"dateModified\":\"2025-06-28T18:46:44+00:00\",\"description\":\"LED light cubes create a special atmosphere for any event - in a fine hotel lobby, an abandoned factory building or under the open sky.\",\"breadcrumb\":{\"@id\":\"https:\/\/akurats.com\/en\/equipment-rent\/led-gaismas-kubi\/#breadcrumb\"},\"inLanguage\":\"en-US\",\"potentialAction\":[{\"@type\":\"ReadAction\",\"target\":[\"https:\/\/akurats.com\/en\/equipment-rent\/led-gaismas-kubi\/\"]}]},{\"@type\":\"BreadcrumbList\",\"@id\":\"https:\/\/akurats.com\/en\/equipment-rent\/led-gaismas-kubi\/#breadcrumb\",\"itemListElement\":[{\"@type\":\"ListItem\",\"position\":1,\"name\":\"Home\",\"item\":\"https:\/\/akurats.com\/en\/\"},{\"@type\":\"ListItem\",\"position\":2,\"name\":\"Equipment\",\"item\":\"https:\/\/akurats.com\/en\/equipment-rent\/\"},{\"@type\":\"ListItem\",\"position\":3,\"name\":\"LED cube\"}]},{\"@type\":\"WebSite\",\"@id\":\"https:\/\/akurats.com\/en\/#website\",\"url\":\"https:\/\/akurats.com\/en\/\",\"name\":\"Akur\u0101ts\",\"description\":\"event equipment service\",\"publisher\":{\"@id\":\"https:\/\/akurats.com\/en\/#organization\"},\"alternateName\":\"Event equipment service\",\"potentialAction\":[{\"@type\":\"SearchAction\",\"target\":{\"@type\":\"EntryPoint\",\"urlTemplate\":\"https:\/\/akurats.com\/en\/?s={search_term_string}\"},\"query-input\":\"required name=search_term_string\"}],\"inLanguage\":\"en-US\"},{\"@type\":\"Organization\",\"@id\":\"https:\/\/akurats.com\/en\/#organization\",\"name\":\"Akur\u0101ts\",\"alternateName\":\"Event equipment service\",\"url\":\"https:\/\/akurats.com\/en\/\",\"logo\":{\"@type\":\"ImageObject\",\"inLanguage\":\"en-US\",\"@id\":\"https:\/\/akurats.com\/en\/#\/schema\/logo\/image\/\",\"url\":\"https:\/\/akurats.com\/wp-content\/uploads\/2015\/06\/A_logo.png\",\"contentUrl\":\"https:\/\/akurats.com\/wp-content\/uploads\/2015\/06\/A_logo.png\",\"width\":77,\"height\":70,\"caption\":\"Akur\u0101ts\"},\"image\":{\"@id\":\"https:\/\/akurats.com\/en\/#\/schema\/logo\/image\/\"},\"sameAs\":[\"https:\/\/www.facebook.com\/AkuratsSIA\"]}]}<\/script>\n<!-- \/ Yoast SEO plugin. -->","yoast_head_json":{"title":"Lights for events - LED light cubes for events","description":"LED light cubes create a special atmosphere for any event - in a fine hotel lobby, an abandoned factory building or under the open sky.","robots":{"index":"index","follow":"follow","max-snippet":"max-snippet:-1","max-image-preview":"max-image-preview:large","max-video-preview":"max-video-preview:-1"},"canonical":"https:\/\/akurats.com\/en\/equipment-rent\/led-gaismas-kubi\/","twitter_misc":{"Est. reading time":"2 minutes"},"schema":{"@context":"https:\/\/schema.org","@graph":[{"@type":"WebPage","@id":"https:\/\/akurats.com\/en\/equipment-rent\/led-gaismas-kubi\/","url":"https:\/\/akurats.com\/en\/equipment-rent\/led-gaismas-kubi\/","name":"Lights for events - LED light cubes for events","isPartOf":{"@id":"https:\/\/akurats.com\/en\/#website"},"datePublished":"2020-01-17T14:17:21+00:00","dateModified":"2025-06-28T18:46:44+00:00","description":"LED light cubes create a special atmosphere for any event - in a fine hotel lobby, an abandoned factory building or under the open sky.","breadcrumb":{"@id":"https:\/\/akurats.com\/en\/equipment-rent\/led-gaismas-kubi\/#breadcrumb"},"inLanguage":"en-US","potentialAction":[{"@type":"ReadAction","target":["https:\/\/akurats.com\/en\/equipment-rent\/led-gaismas-kubi\/"]}]},{"@type":"BreadcrumbList","@id":"https:\/\/akurats.com\/en\/equipment-rent\/led-gaismas-kubi\/#breadcrumb","itemListElement":[{"@type":"ListItem","position":1,"name":"Home","item":"https:\/\/akurats.com\/en\/"},{"@type":"ListItem","position":2,"name":"Equipment","item":"https:\/\/akurats.com\/en\/equipment-rent\/"},{"@type":"ListItem","position":3,"name":"LED cube"}]},{"@type":"WebSite","@id":"https:\/\/akurats.com\/en\/#website","url":"https:\/\/akurats.com\/en\/","name":"Akur\u0101ts","description":"event equipment service","publisher":{"@id":"https:\/\/akurats.com\/en\/#organization"},"alternateName":"Event equipment service","potentialAction":[{"@type":"SearchAction","target":{"@type":"EntryPoint","urlTemplate":"https:\/\/akurats.com\/en\/?s={search_term_string}"},"query-input":"required name=search_term_string"}],"inLanguage":"en-US"},{"@type":"Organization","@id":"https:\/\/akurats.com\/en\/#organization","name":"Akur\u0101ts","alternateName":"Event equipment service","url":"https:\/\/akurats.com\/en\/","logo":{"@type":"ImageObject","inLanguage":"en-US","@id":"https:\/\/akurats.com\/en\/#\/schema\/logo\/image\/","url":"https:\/\/akurats.com\/wp-content\/uploads\/2015\/06\/A_logo.png","contentUrl":"https:\/\/akurats.com\/wp-content\/uploads\/2015\/06\/A_logo.png","width":77,"height":70,"caption":"Akur\u0101ts"},"image":{"@id":"https:\/\/akurats.com\/en\/#\/schema\/logo\/image\/"},"sameAs":["https:\/\/www.facebook.com\/AkuratsSIA"]}]}},"_links":{"self":[{"href":"https:\/\/akurats.com\/en\/wp-json\/wp\/v2\/pages\/4051"}],"collection":[{"href":"https:\/\/akurats.com\/en\/wp-json\/wp\/v2\/pages"}],"about":[{"href":"https:\/\/akurats.com\/en\/wp-json\/wp\/v2\/types\/page"}],"author":[{"embeddable":true,"href":"https:\/\/akurats.com\/en\/wp-json\/wp\/v2\/users\/3"}],"replies":[{"embeddable":true,"href":"https:\/\/akurats.com\/en\/wp-json\/wp\/v2\/comments?post=4051"}],"version-history":[{"count":5,"href":"https:\/\/akurats.com\/en\/wp-json\/wp\/v2\/pages\/4051\/revisions"}],"predecessor-version":[{"id":28877,"href":"https:\/\/akurats.com\/en\/wp-json\/wp\/v2\/pages\/4051\/revisions\/28877"}],"up":[{"embeddable":true,"href":"https:\/\/akurats.com\/en\/wp-json\/wp\/v2\/pages\/10"}],"wp:featuredmedia":[{"embeddable":true,"href":"https:\/\/akurats.com\/en\/wp-json\/wp\/v2\/media\/4035"}],"wp:attachment":[{"href":"https:\/\/akurats.com\/en\/wp-json\/wp\/v2\/media?parent=4051"}],"curies":[{"name":"wp","href":"https:\/\/api.w.org\/{rel}","templated":true}]}}