{"id":3265,"date":"2015-07-21T12:25:45","date_gmt":"2015-07-21T12:25:45","guid":{"rendered":"https:\/\/akurats.com\/equipment\/tribine-oratora-pults\/"},"modified":"2025-06-28T18:52:41","modified_gmt":"2025-06-28T18:52:41","slug":"tribune-orator-console","status":"publish","type":"page","link":"https:\/\/akurats.com\/en\/equipment-rent\/tribune-orator-console\/","title":{"rendered":"Tribune \/ Orator Console"},"content":{"rendered":"<div id=\"pl-3265\"  class=\"panel-layout\" ><div id=\"pg-3265-0\"  class=\"panel-grid panel-no-style\" ><div id=\"pgc-3265-0-0\"  class=\"panel-grid-cell\" ><div id=\"panel-3265-0-0-0\" class=\"so-panel widget widget_black-studio-tinymce widget_black_studio_tinymce panel-first-child panel-last-child\" data-index=\"0\" ><div class=\"textwidget\"><p><a href=\"https:\/\/akurats.com\/wp-content\/uploads\/2015\/07\/tribine-1.jpg\"><img src=\"https:\/\/akurats.com\/wp-content\/uploads\/2015\/07\/tribine-1-300x200.jpg\" alt=\"tribine-1\" width=\"300\" height=\"200\" class=\"aligncenter size-thumbnail wp-image-1520\" \/><\/a><\/p>\n<\/div><\/div><\/div><div id=\"pgc-3265-0-1\"  class=\"panel-grid-cell\" ><div id=\"panel-3265-0-1-0\" class=\"so-panel widget widget_black-studio-tinymce widget_black_studio_tinymce panel-first-child panel-last-child\" data-index=\"1\" ><div class=\"textwidget\"><p><a href=\"https:\/\/akurats.com\/wp-content\/uploads\/2015\/07\/tribine-2.jpg\"><img src=\"https:\/\/akurats.com\/wp-content\/uploads\/2015\/07\/tribine-2-300x200.jpg\" alt=\"tribine-2\" width=\"300\" height=\"200\" class=\"aligncenter size-thumbnail wp-image-1525\" \/><\/a><\/p>\n<\/div><\/div><\/div><div id=\"pgc-3265-0-2\"  class=\"panel-grid-cell\" ><div id=\"panel-3265-0-2-0\" class=\"so-panel widget widget_black-studio-tinymce widget_black_studio_tinymce panel-first-child panel-last-child\" data-index=\"2\" ><div class=\"textwidget\"><table class=\"table\">\n<thead>\n<tr class=\"active\">\n<th colspan=\"2\"><center>Trib\u012bnes tehniskie parametri<\/center><\/th>\n<\/tr>\n<\/thead>\n<tbody>\n<tr>\n<td>Materi\u0101ls<\/td>\n<td>lakots b\u0113rza sapl\u0101ksnis<\/td>\n<\/tr>\n<tr>\n<td>Platums<\/td>\n<td>70cm<\/td>\n<\/tr>\n<tr>\n<td>Augstums<\/td>\n<td>120cm<\/td>\n<\/tr>\n<tr>\n<td>Dzi\u013cums<\/td>\n<td>60cm<\/td>\n<\/tr>\n<tr>\n<td colspan=\"2\">Uz priek\u0161\u0113j\u0101s plaknes iesp\u0113jams izvietot rekl\u0101mu.<\/td>\n<\/tr>\n<\/tbody>\n<\/table>\n<p style=\"text-align: center;\"><a class=\"order-en btn btn-primary\"><i class=\"fa fa-book pr-5\"><\/i>FILL OUT AN APPLICATION<\/a><\/p>\n<\/div><\/div><\/div><\/div><\/div>","protected":false},"excerpt":{"rendered":"<p>Trib\u012bnes tehniskie parametri Materi\u0101ls lakots b\u0113rza sapl\u0101ksnis Platums 70cm Augstums 120cm Dzi\u013cums 60cm Uz priek\u0161\u0113j\u0101s plaknes iesp\u0113jams izvietot rekl\u0101mu. FILL OUT AN APPLICATION<\/p>\n","protected":false},"author":1,"featured_media":1526,"parent":10,"menu_order":0,"comment_status":"closed","ping_status":"closed","template":"","meta":[],"acf":[],"yoast_head":"<!-- This site is optimized with the Yoast SEO plugin v19.9 - https:\/\/yoast.com\/wordpress\/plugins\/seo\/ -->\n<title>Podiums and lecterns for events<\/title>\n<meta name=\"description\" content=\"Grandstand and lectern hire for events. Ensure a comfortable and professional performance with quality equipment. Delivery throughout Latvia.\" \/>\n<meta name=\"robots\" content=\"index, follow, max-snippet:-1, max-image-preview:large, max-video-preview:-1\" \/>\n<link rel=\"canonical\" href=\"https:\/\/akurats.com\/en\/equipment-rent\/tribune-orator-console\/\" \/>\n<meta name=\"twitter:label1\" content=\"Est. reading time\" \/>\n\t<meta name=\"twitter:data1\" content=\"1 minute\" \/>\n<script type=\"application\/ld+json\" class=\"yoast-schema-graph\">{\"@context\":\"https:\/\/schema.org\",\"@graph\":[{\"@type\":\"WebPage\",\"@id\":\"https:\/\/akurats.com\/en\/equipment-rent\/tribune-orator-console\/\",\"url\":\"https:\/\/akurats.com\/en\/equipment-rent\/tribune-orator-console\/\",\"name\":\"Podiums and lecterns for events\",\"isPartOf\":{\"@id\":\"https:\/\/akurats.com\/en\/#website\"},\"datePublished\":\"2015-07-21T12:25:45+00:00\",\"dateModified\":\"2025-06-28T18:52:41+00:00\",\"description\":\"Grandstand and lectern hire for events. Ensure a comfortable and professional performance with quality equipment. Delivery throughout Latvia.\",\"breadcrumb\":{\"@id\":\"https:\/\/akurats.com\/en\/equipment-rent\/tribune-orator-console\/#breadcrumb\"},\"inLanguage\":\"en-US\",\"potentialAction\":[{\"@type\":\"ReadAction\",\"target\":[\"https:\/\/akurats.com\/en\/equipment-rent\/tribune-orator-console\/\"]}]},{\"@type\":\"BreadcrumbList\",\"@id\":\"https:\/\/akurats.com\/en\/equipment-rent\/tribune-orator-console\/#breadcrumb\",\"itemListElement\":[{\"@type\":\"ListItem\",\"position\":1,\"name\":\"Home\",\"item\":\"https:\/\/akurats.com\/en\/\"},{\"@type\":\"ListItem\",\"position\":2,\"name\":\"Equipment\",\"item\":\"https:\/\/akurats.com\/en\/equipment-rent\/\"},{\"@type\":\"ListItem\",\"position\":3,\"name\":\"Tribune \/ Orator Console\"}]},{\"@type\":\"WebSite\",\"@id\":\"https:\/\/akurats.com\/en\/#website\",\"url\":\"https:\/\/akurats.com\/en\/\",\"name\":\"Akur\u0101ts\",\"description\":\"event equipment service\",\"publisher\":{\"@id\":\"https:\/\/akurats.com\/en\/#organization\"},\"alternateName\":\"Event equipment service\",\"potentialAction\":[{\"@type\":\"SearchAction\",\"target\":{\"@type\":\"EntryPoint\",\"urlTemplate\":\"https:\/\/akurats.com\/en\/?s={search_term_string}\"},\"query-input\":\"required name=search_term_string\"}],\"inLanguage\":\"en-US\"},{\"@type\":\"Organization\",\"@id\":\"https:\/\/akurats.com\/en\/#organization\",\"name\":\"Akur\u0101ts\",\"alternateName\":\"Event equipment service\",\"url\":\"https:\/\/akurats.com\/en\/\",\"logo\":{\"@type\":\"ImageObject\",\"inLanguage\":\"en-US\",\"@id\":\"https:\/\/akurats.com\/en\/#\/schema\/logo\/image\/\",\"url\":\"https:\/\/akurats.com\/wp-content\/uploads\/2015\/06\/A_logo.png\",\"contentUrl\":\"https:\/\/akurats.com\/wp-content\/uploads\/2015\/06\/A_logo.png\",\"width\":77,\"height\":70,\"caption\":\"Akur\u0101ts\"},\"image\":{\"@id\":\"https:\/\/akurats.com\/en\/#\/schema\/logo\/image\/\"},\"sameAs\":[\"https:\/\/www.facebook.com\/AkuratsSIA\"]}]}<\/script>\n<!-- \/ Yoast SEO plugin. -->","yoast_head_json":{"title":"Podiums and lecterns for events","description":"Grandstand and lectern hire for events. Ensure a comfortable and professional performance with quality equipment. Delivery throughout Latvia.","robots":{"index":"index","follow":"follow","max-snippet":"max-snippet:-1","max-image-preview":"max-image-preview:large","max-video-preview":"max-video-preview:-1"},"canonical":"https:\/\/akurats.com\/en\/equipment-rent\/tribune-orator-console\/","twitter_misc":{"Est. reading time":"1 minute"},"schema":{"@context":"https:\/\/schema.org","@graph":[{"@type":"WebPage","@id":"https:\/\/akurats.com\/en\/equipment-rent\/tribune-orator-console\/","url":"https:\/\/akurats.com\/en\/equipment-rent\/tribune-orator-console\/","name":"Podiums and lecterns for events","isPartOf":{"@id":"https:\/\/akurats.com\/en\/#website"},"datePublished":"2015-07-21T12:25:45+00:00","dateModified":"2025-06-28T18:52:41+00:00","description":"Grandstand and lectern hire for events. Ensure a comfortable and professional performance with quality equipment. Delivery throughout Latvia.","breadcrumb":{"@id":"https:\/\/akurats.com\/en\/equipment-rent\/tribune-orator-console\/#breadcrumb"},"inLanguage":"en-US","potentialAction":[{"@type":"ReadAction","target":["https:\/\/akurats.com\/en\/equipment-rent\/tribune-orator-console\/"]}]},{"@type":"BreadcrumbList","@id":"https:\/\/akurats.com\/en\/equipment-rent\/tribune-orator-console\/#breadcrumb","itemListElement":[{"@type":"ListItem","position":1,"name":"Home","item":"https:\/\/akurats.com\/en\/"},{"@type":"ListItem","position":2,"name":"Equipment","item":"https:\/\/akurats.com\/en\/equipment-rent\/"},{"@type":"ListItem","position":3,"name":"Tribune \/ Orator Console"}]},{"@type":"WebSite","@id":"https:\/\/akurats.com\/en\/#website","url":"https:\/\/akurats.com\/en\/","name":"Akur\u0101ts","description":"event equipment service","publisher":{"@id":"https:\/\/akurats.com\/en\/#organization"},"alternateName":"Event equipment service","potentialAction":[{"@type":"SearchAction","target":{"@type":"EntryPoint","urlTemplate":"https:\/\/akurats.com\/en\/?s={search_term_string}"},"query-input":"required name=search_term_string"}],"inLanguage":"en-US"},{"@type":"Organization","@id":"https:\/\/akurats.com\/en\/#organization","name":"Akur\u0101ts","alternateName":"Event equipment service","url":"https:\/\/akurats.com\/en\/","logo":{"@type":"ImageObject","inLanguage":"en-US","@id":"https:\/\/akurats.com\/en\/#\/schema\/logo\/image\/","url":"https:\/\/akurats.com\/wp-content\/uploads\/2015\/06\/A_logo.png","contentUrl":"https:\/\/akurats.com\/wp-content\/uploads\/2015\/06\/A_logo.png","width":77,"height":70,"caption":"Akur\u0101ts"},"image":{"@id":"https:\/\/akurats.com\/en\/#\/schema\/logo\/image\/"},"sameAs":["https:\/\/www.facebook.com\/AkuratsSIA"]}]}},"_links":{"self":[{"href":"https:\/\/akurats.com\/en\/wp-json\/wp\/v2\/pages\/3265"}],"collection":[{"href":"https:\/\/akurats.com\/en\/wp-json\/wp\/v2\/pages"}],"about":[{"href":"https:\/\/akurats.com\/en\/wp-json\/wp\/v2\/types\/page"}],"author":[{"embeddable":true,"href":"https:\/\/akurats.com\/en\/wp-json\/wp\/v2\/users\/1"}],"replies":[{"embeddable":true,"href":"https:\/\/akurats.com\/en\/wp-json\/wp\/v2\/comments?post=3265"}],"version-history":[{"count":5,"href":"https:\/\/akurats.com\/en\/wp-json\/wp\/v2\/pages\/3265\/revisions"}],"predecessor-version":[{"id":28888,"href":"https:\/\/akurats.com\/en\/wp-json\/wp\/v2\/pages\/3265\/revisions\/28888"}],"up":[{"embeddable":true,"href":"https:\/\/akurats.com\/en\/wp-json\/wp\/v2\/pages\/10"}],"wp:featuredmedia":[{"embeddable":true,"href":"https:\/\/akurats.com\/en\/wp-json\/wp\/v2\/media\/1526"}],"wp:attachment":[{"href":"https:\/\/akurats.com\/en\/wp-json\/wp\/v2\/media?parent=3265"}],"curies":[{"name":"wp","href":"https:\/\/api.w.org\/{rel}","templated":true}]}}