{"id":3220,"date":"2015-07-15T06:24:39","date_gmt":"2015-07-15T06:24:39","guid":{"rendered":"https:\/\/akurats.com\/equipment\/bara-kreslu-noma\/"},"modified":"2025-06-28T18:19:52","modified_gmt":"2025-06-28T18:19:52","slug":"bar-chairs-rent","status":"publish","type":"page","link":"https:\/\/akurats.com\/en\/equipment-rent\/bar-chairs-rent\/","title":{"rendered":"Bar chairs for rent"},"content":{"rendered":"<div id=\"pl-3220\"  class=\"panel-layout\" ><div id=\"pg-3220-0\"  class=\"panel-grid panel-no-style\" ><div id=\"pgc-3220-0-0\"  class=\"panel-grid-cell\" ><div id=\"panel-3220-0-0-0\" class=\"so-panel widget widget_black-studio-tinymce widget_black_studio_tinymce panel-first-child panel-last-child\" data-index=\"0\" ><div class=\"textwidget\"><p><a href=\"https:\/\/akurats.com\/wp-content\/uploads\/2015\/07\/bara-kresli-11.jpg\"><img src=\"https:\/\/akurats.com\/wp-content\/uploads\/2015\/07\/bara-kresli-11-300x200.jpg\" alt=\"bara-kresli-1\" width=\"300\" height=\"200\" class=\"aligncenter size-thumbnail wp-image-2809\" \/><\/a><\/p>\n<\/div><\/div><\/div><div id=\"pgc-3220-0-1\"  class=\"panel-grid-cell\" ><div id=\"panel-3220-0-1-0\" class=\"so-panel widget widget_black-studio-tinymce widget_black_studio_tinymce panel-first-child panel-last-child\" data-index=\"1\" ><div class=\"textwidget\"><p><a href=\"https:\/\/akurats.com\/wp-content\/uploads\/2015\/07\/bara-kresli-21.jpg\"><img src=\"https:\/\/akurats.com\/wp-content\/uploads\/2015\/07\/bara-kresli-21-300x200.jpg\" alt=\"bara-kresli-2\" width=\"300\" height=\"200\" class=\"aligncenter size-thumbnail wp-image-2814\" \/><\/a><\/p>\n<\/div><\/div><\/div><div id=\"pgc-3220-0-2\"  class=\"panel-grid-cell\" ><div id=\"panel-3220-0-2-0\" class=\"so-panel widget widget_black-studio-tinymce widget_black_studio_tinymce panel-first-child panel-last-child\" data-index=\"2\" ><div class=\"textwidget\"><p><a href=\"https:\/\/akurats.com\/wp-content\/uploads\/2015\/07\/bara-kresli-31.jpg\"><img src=\"https:\/\/akurats.com\/wp-content\/uploads\/2015\/07\/bara-kresli-31-300x200.jpg\" alt=\"bara-kresli-3\" width=\"300\" height=\"200\" class=\"aligncenter size-thumbnail wp-image-2819\" \/><\/a><\/p>\n<\/div><\/div><\/div><\/div><div id=\"pg-3220-1\"  class=\"panel-grid panel-no-style\" ><div id=\"pgc-3220-1-0\"  class=\"panel-grid-cell\" ><div id=\"panel-3220-1-0-0\" class=\"so-panel widget widget_black-studio-tinymce widget_black_studio_tinymce panel-first-child panel-last-child\" data-index=\"3\" ><div class=\"textwidget\"><h2>M\u016bsdien\u012bgu b\u0101ra kr\u0113slu noma vajadz\u012bgaj\u0101 laik\u0101 un viet\u0101<\/h2>\n<p>Visa gada garum\u0101 tiek organiz\u0113ti da\u017e\u0101di pas\u0101kumi: k\u0101zas, konferences, festiv\u0101li, jubilejas un daudzi citi. T\u0101d\u0113\u013c saviem klientiem pied\u0101v\u0101jam pilnu apr\u012bkojuma servisu, kas nodro\u0161in\u0101s \u0113rt\u012bbas gan pas\u0101kumu r\u012bkot\u0101jiem, gan apmekl\u0113t\u0101jiem. Ja dr\u012bzum\u0101 esi iecer\u0113jis r\u012bkot ball\u012bti, kur\u0101 b\u016bs iev\u0113rojams skaits viesu, un ja mekl\u0113 kr\u0113slus, kuros \u0113rti visus sas\u0113din\u0101t, tad esi non\u0101cis \u012bstaj\u0101 viet\u0101. Saliekamie, banketu vai b\u0101ra kr\u0113sli - pie mums ir viss nepiecie\u0161amais lieliskai pas\u0101kuma norisei.<\/p>\n<table class=\"table\">\n<thead>\n<tr class=\"active\">\n<th colspan=\"2\"><center>B\u0101ra kr\u0113slu tehniskie parametri<\/center><\/th>\n<\/tr>\n<\/thead>\n<tbody>\n<tr>\n<td>Diametrs<\/td>\n<td>32mm<\/td>\n<\/tr>\n<tr>\n<td>Augstums<\/td>\n<td>0,79m<\/td>\n<\/tr>\n<tr>\n<td colspan=\"2\">B\u0101ra kr\u0113sli pieejami tum\u0161i pel\u0113k\u0101 kr\u0101s\u0101, savuk\u0101rt to r\u0101mis ir gai\u0161i pel\u0113ks<\/td>\n<\/tr>\n<\/tbody>\n<\/table>\n<p><strong>Nomas noteikumi izv\u0113loties Akur\u0101ts.lv b\u0101ra kr\u0113slus u.c. preces savam pas\u0101kumam <\/strong><br \/>\nLai tiktu izpild\u012bts pas\u016bt\u012bjums par b\u0101ra kr\u0113slu \u012bri un uzst\u0101d\u012b\u0161anu, ikvienai fiziskai vai juridiskai personai pirms darbu veik\u0161anas ir j\u0101nosl\u0113dz Nomas L\u012bgums ar SIA Akur\u0101ts.lv.<\/p>\n<h3>Iznom\u0101 un ietaupi<\/h3>\n<p>Ja pas\u0101kumi tiek r\u012bkoti vien p\u0101ris reizes gad\u0101 vai ret\u0101k, tad sv\u0113tku atrib\u016btikas noma noteikti b\u016bs izdev\u012bg\u0101ka k\u0101 t\u0101s ieg\u0101de. Ar\u012b gad\u012bjumos, ja esi iecer\u0113jis atv\u0113rt b\u0101ru vai kafejn\u012bcu, tad s\u0101kum\u0101 vari izm\u0113\u0123in\u0101t invent\u0101ra nomu, lai p\u0101rliecin\u0101tos, kas apmekl\u0113t\u0101jiem ir piem\u0113rot\u0101ks un nodro\u0161ina liel\u0101kas \u0113rt\u012bbas. <strong>B\u0101ra kr\u0113slu noma \u013caus ietaup\u012bt - iznom\u0101 tos vajadz\u012bgaj\u0101:<\/strong><\/p>\n<ul>\n<li>laik\u0101;<\/li>\n<li>viet\u0101;<\/li>\n<li>skait\u0101.<\/li>\n<\/ul>\n<p>Turkl\u0101t p\u0113c pas\u0101kuma Tev neb\u016bs j\u0101uztraucas ne par to uzglab\u0101\u0161anu, ne transport\u0113\u0161anu, ne sakop\u0161anu, jo m\u016bsu darbinieki visu izdar\u012bs Tav\u0101 viet\u0101. Ikviens b\u0101ra kr\u0113sls un cits apr\u012bkojums tiks nog\u0101d\u0101ts v\u0113lamaj\u0101 viet\u0101 un laik\u0101, k\u0101 ar\u012b profesion\u0101li uzst\u0101d\u012bts un demont\u0113ts p\u0113c pas\u0101kuma beig\u0101m.<\/p>\n<h2>B\u0101ra kr\u0113slu noma - lielisks risin\u0101jums jautr\u0101m ball\u012bt\u0113m<\/h2>\n<p>Atkar\u012bb\u0101 no pas\u0101kuma specifikas un atra\u0161an\u0101s vietas, pied\u0101v\u0101jam iznom\u0101t ne tikai b\u0101ra kr\u0113slus, bet ar\u012b citus \u0113rtus s\u0113\u017eamos. Ja pas\u0101kums paredz\u0113ts d\u0101rz\u0101, tad diez vai b\u0101ra kr\u0113sli b\u016bs \u012bst\u0101 izv\u0113le, savuk\u0101rt, ja ball\u012bte norisin\u0101sies telp\u0101 ar augstiem galdiem vai b\u0101ra leti, tad b\u0101ra kr\u0113sls viennoz\u012bm\u012bgi b\u016bs \u012bst\u0101 izv\u0113le. <strong>Par\u016bp\u0113jies par viesu labsaj\u016btu un izv\u0113lies pas\u0101kumam atbilsto\u0161\u0101kos s\u0113\u017eamos. Nomai pieejami \u0161\u0101di kr\u0113sli:<\/strong><\/p>\n<ul>\n<li>melni, salok\u0101mi un viegli p\u0101rvietojami kr\u0113sli;<\/li>\n<li>m\u012bksti, eleganti un \u0113rti banketu kr\u0113sli;<\/li>\n<li>moderni b\u0101ra kr\u0113sli vakara pas\u0101kumiem.<\/li>\n<\/ul>\n<p>M\u016bsu pied\u0101v\u0101tie b\u0101ra kr\u0113sli ir gandr\u012bz 80 cm augsti un tie ir tum\u0161i pel\u0113k\u0101 kr\u0101s\u0101 ar gai\u0161u met\u0101la r\u0101mi. At\u0161\u0137ir\u012bb\u0101 no saliekam\u0101 vai banketa kr\u0113sla, b\u0101ra kr\u0113sls liks ball\u012btei izskat\u012bties modern\u0101k un rad\u012bs stil\u012bga b\u0101ra noska\u0146u. P\u0101rsteidz savus viesus ar atmi\u0146\u0101 palieko\u0161u pas\u0101kumu!<\/p>\n<h3>Izcila kvalit\u0101te un lielisks serviss<\/h3>\n<p>M\u0113s, uz\u0146\u0113mums \u201cAkur\u0101ts\u201d, pas\u0101kumu invent\u0101ra nomas pakalpojumus pied\u0101v\u0101jam jau kop\u0161 2005. gada, \u0161aj\u0101 laik\u0101 k\u013c\u016bstot par vado\u0161o tel\u0161u un sv\u0113tku apr\u012bkojuma iznom\u0101t\u0101ju vis\u0101 Latvij\u0101. Kop\u0161 2007. gada invent\u0101ra nomu pied\u0101v\u0101jam ar\u012b Lietuv\u0101 un Igaunij\u0101. M\u016bsu invent\u0101ra risin\u0101jumus uz\u0146\u0113mumi un priv\u0101tpersonas izmanto gadatirgos, izst\u0101d\u0113s, koncertos un citos pas\u0101kumos. <strong>B\u0101ra kr\u0113sli ir \u012bpa\u0161i piepras\u012bti:<\/strong><\/p>\n<ul>\n<li>prezent\u0101cij\u0101s;<\/li>\n<li>k\u0101z\u0101s;<\/li>\n<li>dzim\u0161anas dienu svin\u012bb\u0101s;<\/li>\n<li>koktei\u013cball\u012bt\u0113s un citos sv\u0113tkos.<\/li>\n<\/ul>\n<p>B\u0101ra kr\u0113slu noma ir viens no m\u016bsu piepras\u012bt\u0101kajiem pakalpojumiem, jo tie ir gan \u0113rti, gan eleganti un rada \u012bpa\u0161u noska\u0146u. B\u0101ra kr\u0113sli b\u016bs ide\u0101li piem\u0113roti neform\u0101l\u0101m ball\u012bt\u0113m vai svin\u012bb\u0101m, kuras norisin\u0101s \u0161aur\u0101s telp\u0101s.<\/p>\n<h3>Piesakies jau \u0161odien!<\/h3>\n<p>Ja v\u0113lies pieteikt kr\u0113slu vai k\u0101da cita m\u016bsu pakalpojuma nomu, tad sazinies, zvanot pa t\u0101lruni 26338888 vai rakstot uz e-pastu info@akurats.lv. Zem katra pakalpojuma apraksta atrodas ar\u012b pieteikums, kuru vari aizpild\u012bt, lai sa\u0146emtu atbildes uz sev interes\u0113jo\u0161iem jaut\u0101jumiem. Pieteikum\u0101 j\u0101nor\u0101da:<\/p>\n<ul>\n<li>v\u0101rds un uzv\u0101rds;<\/li>\n<li>e-pats;<\/li>\n<li>telefona numurs;<\/li>\n<li>t\u0113ma un apraksts br\u012bv\u0101 form\u0101, kur\u0101 j\u0101nor\u0101da v\u0113lamais vien\u012bbu skaits.<\/li>\n<\/ul>\n<p>\u201cAkur\u0101ts\u201d pieredz\u0113ju\u0161ie speci\u0101listi \u012bs\u0101 laika period\u0101 sazin\u0101sies ar Tevi, lai sniegtu atbildes uz jaut\u0101jumiem vai preciz\u0113tu pieg\u0101des deta\u013cas. Sar\u012bko neaizmirstamus sv\u0113tkus gan sev, gan citiem un g\u0101d\u0101 par viesu labsaj\u016btu, iznom\u0101jot m\u016bsu invent\u0101ru. Pas\u016bti \u0161odien un svini jau r\u012btdien!<\/p>\n<p style=\"text-align: center;\"><a class=\"order-en btn btn-primary\"><i class=\"fa fa-book pr-5\"><\/i>FILL OUT AN APPLICATION<\/a><\/p>\n<\/div><\/div><\/div><\/div><\/div>","protected":false},"excerpt":{"rendered":"<p>M\u016bsdien\u012bgu b\u0101ra kr\u0113slu noma vajadz\u012bgaj\u0101 laik\u0101 un viet\u0101 Visa gada garum\u0101 tiek organiz\u0113ti da\u017e\u0101di pas\u0101kumi: k\u0101zas, konferences, festiv\u0101li, jubilejas un daudzi citi. T\u0101d\u0113\u013c saviem klientiem pied\u0101v\u0101jam pilnu apr\u012bkojuma servisu, kas nodro\u0161in\u0101s \u0113rt\u012bbas gan pas\u0101kumu r\u012bkot\u0101jiem, gan apmekl\u0113t\u0101jiem. Ja dr\u012bzum\u0101 esi iecer\u0113jis r\u012bkot ball\u012bti, kur\u0101 b\u016bs iev\u0113rojams skaits viesu, un ja mekl\u0113 kr\u0113slus, kuros \u0113rti visus &hellip;<\/p>\n","protected":false},"author":1,"featured_media":1256,"parent":10,"menu_order":0,"comment_status":"closed","ping_status":"closed","template":"","meta":[],"acf":[],"yoast_head":"<!-- This site is optimized with the Yoast SEO plugin v19.9 - https:\/\/yoast.com\/wordpress\/plugins\/seo\/ -->\n<title>Great value modern bar stool hire and rental from Akur\u0101ts<\/title>\n<meta name=\"description\" content=\"Folding, banquet and bar chairs - Akurats.lv event equipment service has everything you need for a great party. Rent today!\" \/>\n<meta name=\"robots\" content=\"index, follow, max-snippet:-1, max-image-preview:large, max-video-preview:-1\" \/>\n<link rel=\"canonical\" href=\"https:\/\/akurats.com\/en\/equipment-rent\/bar-chairs-rent\/\" \/>\n<meta name=\"twitter:label1\" content=\"Est. reading time\" \/>\n\t<meta name=\"twitter:data1\" content=\"4 minutes\" \/>\n<script type=\"application\/ld+json\" class=\"yoast-schema-graph\">{\"@context\":\"https:\/\/schema.org\",\"@graph\":[{\"@type\":\"WebPage\",\"@id\":\"https:\/\/akurats.com\/en\/equipment-rent\/bar-chairs-rent\/\",\"url\":\"https:\/\/akurats.com\/en\/equipment-rent\/bar-chairs-rent\/\",\"name\":\"Great value modern bar stool hire and rental from Akur\u0101ts\",\"isPartOf\":{\"@id\":\"https:\/\/akurats.com\/en\/#website\"},\"datePublished\":\"2015-07-15T06:24:39+00:00\",\"dateModified\":\"2025-06-28T18:19:52+00:00\",\"description\":\"Folding, banquet and bar chairs - Akurats.lv event equipment service has everything you need for a great party. Rent today!\",\"breadcrumb\":{\"@id\":\"https:\/\/akurats.com\/en\/equipment-rent\/bar-chairs-rent\/#breadcrumb\"},\"inLanguage\":\"en-US\",\"potentialAction\":[{\"@type\":\"ReadAction\",\"target\":[\"https:\/\/akurats.com\/en\/equipment-rent\/bar-chairs-rent\/\"]}]},{\"@type\":\"BreadcrumbList\",\"@id\":\"https:\/\/akurats.com\/en\/equipment-rent\/bar-chairs-rent\/#breadcrumb\",\"itemListElement\":[{\"@type\":\"ListItem\",\"position\":1,\"name\":\"Home\",\"item\":\"https:\/\/akurats.com\/en\/\"},{\"@type\":\"ListItem\",\"position\":2,\"name\":\"Equipment\",\"item\":\"https:\/\/akurats.com\/en\/equipment-rent\/\"},{\"@type\":\"ListItem\",\"position\":3,\"name\":\"Bar chairs for rent\"}]},{\"@type\":\"WebSite\",\"@id\":\"https:\/\/akurats.com\/en\/#website\",\"url\":\"https:\/\/akurats.com\/en\/\",\"name\":\"Akur\u0101ts\",\"description\":\"event equipment service\",\"publisher\":{\"@id\":\"https:\/\/akurats.com\/en\/#organization\"},\"alternateName\":\"Event equipment service\",\"potentialAction\":[{\"@type\":\"SearchAction\",\"target\":{\"@type\":\"EntryPoint\",\"urlTemplate\":\"https:\/\/akurats.com\/en\/?s={search_term_string}\"},\"query-input\":\"required name=search_term_string\"}],\"inLanguage\":\"en-US\"},{\"@type\":\"Organization\",\"@id\":\"https:\/\/akurats.com\/en\/#organization\",\"name\":\"Akur\u0101ts\",\"alternateName\":\"Event equipment service\",\"url\":\"https:\/\/akurats.com\/en\/\",\"logo\":{\"@type\":\"ImageObject\",\"inLanguage\":\"en-US\",\"@id\":\"https:\/\/akurats.com\/en\/#\/schema\/logo\/image\/\",\"url\":\"https:\/\/akurats.com\/wp-content\/uploads\/2015\/06\/A_logo.png\",\"contentUrl\":\"https:\/\/akurats.com\/wp-content\/uploads\/2015\/06\/A_logo.png\",\"width\":77,\"height\":70,\"caption\":\"Akur\u0101ts\"},\"image\":{\"@id\":\"https:\/\/akurats.com\/en\/#\/schema\/logo\/image\/\"},\"sameAs\":[\"https:\/\/www.facebook.com\/AkuratsSIA\"]}]}<\/script>\n<!-- \/ Yoast SEO plugin. -->","yoast_head_json":{"title":"Great value modern bar stool hire and rental from Akur\u0101ts","description":"Folding, banquet and bar chairs - Akurats.lv event equipment service has everything you need for a great party. Rent today!","robots":{"index":"index","follow":"follow","max-snippet":"max-snippet:-1","max-image-preview":"max-image-preview:large","max-video-preview":"max-video-preview:-1"},"canonical":"https:\/\/akurats.com\/en\/equipment-rent\/bar-chairs-rent\/","twitter_misc":{"Est. reading time":"4 minutes"},"schema":{"@context":"https:\/\/schema.org","@graph":[{"@type":"WebPage","@id":"https:\/\/akurats.com\/en\/equipment-rent\/bar-chairs-rent\/","url":"https:\/\/akurats.com\/en\/equipment-rent\/bar-chairs-rent\/","name":"Great value modern bar stool hire and rental from Akur\u0101ts","isPartOf":{"@id":"https:\/\/akurats.com\/en\/#website"},"datePublished":"2015-07-15T06:24:39+00:00","dateModified":"2025-06-28T18:19:52+00:00","description":"Folding, banquet and bar chairs - Akurats.lv event equipment service has everything you need for a great party. Rent today!","breadcrumb":{"@id":"https:\/\/akurats.com\/en\/equipment-rent\/bar-chairs-rent\/#breadcrumb"},"inLanguage":"en-US","potentialAction":[{"@type":"ReadAction","target":["https:\/\/akurats.com\/en\/equipment-rent\/bar-chairs-rent\/"]}]},{"@type":"BreadcrumbList","@id":"https:\/\/akurats.com\/en\/equipment-rent\/bar-chairs-rent\/#breadcrumb","itemListElement":[{"@type":"ListItem","position":1,"name":"Home","item":"https:\/\/akurats.com\/en\/"},{"@type":"ListItem","position":2,"name":"Equipment","item":"https:\/\/akurats.com\/en\/equipment-rent\/"},{"@type":"ListItem","position":3,"name":"Bar chairs for rent"}]},{"@type":"WebSite","@id":"https:\/\/akurats.com\/en\/#website","url":"https:\/\/akurats.com\/en\/","name":"Akur\u0101ts","description":"event equipment service","publisher":{"@id":"https:\/\/akurats.com\/en\/#organization"},"alternateName":"Event equipment service","potentialAction":[{"@type":"SearchAction","target":{"@type":"EntryPoint","urlTemplate":"https:\/\/akurats.com\/en\/?s={search_term_string}"},"query-input":"required name=search_term_string"}],"inLanguage":"en-US"},{"@type":"Organization","@id":"https:\/\/akurats.com\/en\/#organization","name":"Akur\u0101ts","alternateName":"Event equipment service","url":"https:\/\/akurats.com\/en\/","logo":{"@type":"ImageObject","inLanguage":"en-US","@id":"https:\/\/akurats.com\/en\/#\/schema\/logo\/image\/","url":"https:\/\/akurats.com\/wp-content\/uploads\/2015\/06\/A_logo.png","contentUrl":"https:\/\/akurats.com\/wp-content\/uploads\/2015\/06\/A_logo.png","width":77,"height":70,"caption":"Akur\u0101ts"},"image":{"@id":"https:\/\/akurats.com\/en\/#\/schema\/logo\/image\/"},"sameAs":["https:\/\/www.facebook.com\/AkuratsSIA"]}]}},"_links":{"self":[{"href":"https:\/\/akurats.com\/en\/wp-json\/wp\/v2\/pages\/3220"}],"collection":[{"href":"https:\/\/akurats.com\/en\/wp-json\/wp\/v2\/pages"}],"about":[{"href":"https:\/\/akurats.com\/en\/wp-json\/wp\/v2\/types\/page"}],"author":[{"embeddable":true,"href":"https:\/\/akurats.com\/en\/wp-json\/wp\/v2\/users\/1"}],"replies":[{"embeddable":true,"href":"https:\/\/akurats.com\/en\/wp-json\/wp\/v2\/comments?post=3220"}],"version-history":[{"count":3,"href":"https:\/\/akurats.com\/en\/wp-json\/wp\/v2\/pages\/3220\/revisions"}],"predecessor-version":[{"id":4523,"href":"https:\/\/akurats.com\/en\/wp-json\/wp\/v2\/pages\/3220\/revisions\/4523"}],"up":[{"embeddable":true,"href":"https:\/\/akurats.com\/en\/wp-json\/wp\/v2\/pages\/10"}],"wp:featuredmedia":[{"embeddable":true,"href":"https:\/\/akurats.com\/en\/wp-json\/wp\/v2\/media\/1256"}],"wp:attachment":[{"href":"https:\/\/akurats.com\/en\/wp-json\/wp\/v2\/media?parent=3220"}],"curies":[{"name":"wp","href":"https:\/\/api.w.org\/{rel}","templated":true}]}}