{"id":1900,"date":"2015-10-09T12:30:20","date_gmt":"2015-10-09T12:30:20","guid":{"rendered":"https:\/\/akurats.com\/?page_id=1900"},"modified":"2025-06-28T18:17:44","modified_gmt":"2025-06-28T18:17:44","slug":"contacts","status":"publish","type":"page","link":"https:\/\/akurats.com\/en\/contacts\/","title":{"rendered":"Contacts"},"content":{"rendered":"<div id=\"pl-1900\"  class=\"panel-layout\" ><div id=\"pg-1900-0\"  class=\"panel-grid panel-has-style\" ><div class=\"siteorigin-panels-stretch panel-row-style panel-row-style-for-1900-0\" data-stretch-type=\"full-stretched\" ><div id=\"pgc-1900-0-0\"  class=\"panel-grid-cell\" ><div id=\"panel-1900-0-0-0\" class=\"so-panel widget widget_pw_google_map panel-first-child panel-last-child\" data-index=\"0\" >\n\n\t<div\n\t\tclass=\"simple-map  js-where-we-are\"\n\t\tdata-latlng=\"57.0974348,24.3128375\"\n\t\tdata-markers=\"[{&quot;id&quot;:&quot;1&quot;,&quot;title&quot;:&quot;Akur\\u0101ts&quot;,&quot;locationlatlng&quot;:&quot;57.097533,24.316500&quot;,&quot;custompinimage&quot;:&quot;https:\\\/\\\/akurats.com\\\/wp-content\\\/uploads\\\/2015\\\/05\\\/pin.png&quot;}]\"\n\t\tdata-zoom=\"15\"\n\t\tdata-type=\"roadmap\"\n\t\tdata-style=\"[{&quot;featureType&quot;:&quot;administrative&quot;,&quot;elementType&quot;:&quot;labels.text.fill&quot;,&quot;stylers&quot;:[{&quot;color&quot;:&quot;#444444&quot;}]},{&quot;featureType&quot;:&quot;landscape&quot;,&quot;elementType&quot;:&quot;all&quot;,&quot;stylers&quot;:[{&quot;color&quot;:&quot;#f2f2f2&quot;}]},{&quot;featureType&quot;:&quot;landscape.man_made&quot;,&quot;elementType&quot;:&quot;geometry.fill&quot;,&quot;stylers&quot;:[{&quot;color&quot;:&quot;#eeeeee&quot;}]},{&quot;featureType&quot;:&quot;landscape.natural.landcover&quot;,&quot;elementType&quot;:&quot;geometry.fill&quot;,&quot;stylers&quot;:[{&quot;color&quot;:&quot;#dddddd&quot;}]},{&quot;featureType&quot;:&quot;landscape.natural.terrain&quot;,&quot;elementType&quot;:&quot;geometry.fill&quot;,&quot;stylers&quot;:[{&quot;color&quot;:&quot;#dddddd&quot;}]},{&quot;featureType&quot;:&quot;poi&quot;,&quot;elementType&quot;:&quot;all&quot;,&quot;stylers&quot;:[{&quot;visibility&quot;:&quot;off&quot;}]},{&quot;featureType&quot;:&quot;road&quot;,&quot;elementType&quot;:&quot;all&quot;,&quot;stylers&quot;:[{&quot;saturation&quot;:-100},{&quot;lightness&quot;:45}]},{&quot;featureType&quot;:&quot;road.highway&quot;,&quot;elementType&quot;:&quot;all&quot;,&quot;stylers&quot;:[{&quot;visibility&quot;:&quot;simplified&quot;}]},{&quot;featureType&quot;:&quot;road.arterial&quot;,&quot;elementType&quot;:&quot;labels.icon&quot;,&quot;stylers&quot;:[{&quot;visibility&quot;:&quot;off&quot;}]},{&quot;featureType&quot;:&quot;transit&quot;,&quot;elementType&quot;:&quot;all&quot;,&quot;stylers&quot;:[{&quot;visibility&quot;:&quot;off&quot;}]},{&quot;featureType&quot;:&quot;water&quot;,&quot;elementType&quot;:&quot;all&quot;,&quot;stylers&quot;:[{&quot;color&quot;:&quot;#46bcec&quot;},{&quot;visibility&quot;:&quot;on&quot;}]},{&quot;featureType&quot;:&quot;water&quot;,&quot;elementType&quot;:&quot;geometry.fill&quot;,&quot;stylers&quot;:[{&quot;color&quot;:&quot;#1f425d&quot;}]},{&quot;featureType&quot;:&quot;water&quot;,&quot;elementType&quot;:&quot;labels.text.fill&quot;,&quot;stylers&quot;:[{&quot;color&quot;:&quot;#979797&quot;}]},{&quot;featureType&quot;:&quot;water&quot;,&quot;elementType&quot;:&quot;labels.text.stroke&quot;,&quot;stylers&quot;:[{&quot;weight&quot;:&quot;0.01&quot;}]}]\"\n\t\tstyle=\"height: 380px;\"\n\t><\/div>\n\n<\/div><\/div><\/div><\/div><div id=\"pg-1900-1\"  class=\"panel-grid panel-no-style\" ><div id=\"pgc-1900-1-0\"  class=\"panel-grid-cell\" ><div id=\"panel-1900-1-0-0\" class=\"so-panel widget widget_black-studio-tinymce widget_black_studio_tinymce panel-first-child\" data-index=\"1\" ><div class=\"featured-widget panel-widget-style panel-widget-style-for-1900-1-0-0\" ><h3 class=\"widget-title\"><span class=\"widget-title__inline\">OFFICE AND WAREHOUSE<\/span><\/h3><div class=\"textwidget\"><p><strong>SIA Akur\u0101ts<\/strong><br \/>\nMui\u017eas street 9, \u0100da\u017ei, \u0100da\u017eu nov., LV-2164<br \/>\nT\u0101lr.: 67394933<br \/>\nMob.t\u0101lr.: 26338888<br \/>\nE-mail: <a href=\"mailto:info@akurats.lv\">info@akurats.lv<\/a><br \/>\nOperating hours: Monday \u2013 Friday 8:00 to 17:00<\/p>\n<\/div><\/div><\/div><div id=\"panel-1900-1-0-1\" class=\"so-panel widget widget_black-studio-tinymce widget_black_studio_tinymce panel-last-child\" data-index=\"2\" ><div class=\"featured-widget panel-widget-style panel-widget-style-for-1900-1-0-1\" ><h3 class=\"widget-title\"><span class=\"widget-title__inline\">PAYMENT INFORMATION<\/span><\/h3><div class=\"textwidget\"><p><strong>SIA Akur\u0101ts<\/strong><br \/>\nVAT Reg. No. LV 40003744198<br \/>\nMui\u017eas street 9, \u0100da\u017ei, \u0100da\u017eu nov., LV-2164<br \/>\nA\/S Swedbanka, HABALV22<br \/>\nAccount: LV50HABA 0551015511745<\/p>\n<\/div><\/div><\/div><\/div><div id=\"pgc-1900-1-1\"  class=\"panel-grid-cell\" ><div id=\"panel-1900-1-1-0\" class=\"so-panel widget widget_black-studio-tinymce widget_black_studio_tinymce panel-first-child panel-last-child\" data-index=\"3\" ><h3 class=\"widget-title\"><span class=\"widget-title__inline\">CONTACTS US AND GET INFORMATION<\/span><\/h3><div class=\"textwidget\"><p>If you want to order our services then fill form below.<\/p>\n<p><div role=\"form\" class=\"wpcf7\" id=\"wpcf7-f2523-o1\" lang=\"en-US\" dir=\"ltr\">\n<div class=\"screen-reader-response\"><p role=\"status\" aria-live=\"polite\" aria-atomic=\"true\"><\/p> <ul><\/ul><\/div>\n<form action=\"\/en\/wp-json\/wp\/v2\/pages\/1900#wpcf7-f2523-o1\" method=\"post\" class=\"wpcf7-form init\" novalidate=\"novalidate\" data-status=\"init\">\n<div style=\"display: none;\">\n<input type=\"hidden\" name=\"_wpcf7\" value=\"2523\" \/>\n<input type=\"hidden\" name=\"_wpcf7_version\" value=\"5.6.4\" \/>\n<input type=\"hidden\" name=\"_wpcf7_locale\" value=\"en_US\" \/>\n<input type=\"hidden\" name=\"_wpcf7_unit_tag\" value=\"wpcf7-f2523-o1\" \/>\n<input type=\"hidden\" name=\"_wpcf7_container_post\" value=\"0\" \/>\n<input type=\"hidden\" name=\"_wpcf7_posted_data_hash\" value=\"\" \/>\n<input type=\"hidden\" name=\"_wpcf7_recaptcha_response\" value=\"\" \/>\n<\/div>\n<div class=\"row\">\n<div class=\"col-xs-12  col-md-4\">\n    <span class=\"wpcf7-form-control-wrap\" data-name=\"your-name\"><input type=\"text\" name=\"your-name\" value=\"\" size=\"40\" class=\"wpcf7-form-control wpcf7-text wpcf7-validates-as-required\" aria-required=\"true\" aria-invalid=\"false\" placeholder=\"Name\" \/><\/span>\n  <\/div>\n<div class=\"col-xs-12  col-md-4\">\n    <span class=\"wpcf7-form-control-wrap\" data-name=\"last-name\"><input type=\"text\" name=\"last-name\" value=\"\" size=\"40\" class=\"wpcf7-form-control wpcf7-text wpcf7-validates-as-required\" aria-required=\"true\" aria-invalid=\"false\" placeholder=\"Surname\" \/><\/span>\n  <\/div>\n<\/div>\n<div class=\"row\">\n<div class=\"col-xs-12  col-md-4\">\n    <span class=\"wpcf7-form-control-wrap\" data-name=\"your-email\"><input type=\"email\" name=\"your-email\" value=\"\" size=\"40\" class=\"wpcf7-form-control wpcf7-text wpcf7-email wpcf7-validates-as-required wpcf7-validates-as-email\" aria-required=\"true\" aria-invalid=\"false\" placeholder=\"E-mail\" \/><\/span>\n  <\/div>\n<div class=\"col-xs-12  col-md-4\">\n    <span class=\"wpcf7-form-control-wrap\" data-name=\"your-phone\"><input type=\"tel\" name=\"your-phone\" value=\"\" size=\"40\" class=\"wpcf7-form-control wpcf7-text wpcf7-tel wpcf7-validates-as-required wpcf7-validates-as-tel\" aria-required=\"true\" aria-invalid=\"false\" placeholder=\"Phone number\" \/><\/span>\n  <\/div>\n<\/div>\n<div class=\"row\">\n<div class=\"col-xs-12  col-md-8\">\n    <span class=\"wpcf7-form-control-wrap\" data-name=\"your-subject\"><input type=\"text\" name=\"your-subject\" value=\"\" size=\"40\" class=\"wpcf7-form-control wpcf7-text\" aria-invalid=\"false\" placeholder=\"About\" \/><\/span>\n  <\/div>\n<div class=\"col-xs-12\">\n    <span class=\"wpcf7-form-control-wrap\" data-name=\"your-message\"><textarea name=\"your-message\" cols=\"40\" rows=\"10\" class=\"wpcf7-form-control wpcf7-textarea\" aria-invalid=\"false\" placeholder=\"In free form write what do You need. For example, tent 20x50m - 1, heaters - 5, etc.\"><\/textarea><\/span><\/p>\n<span class=\"wpcf7-form-control-wrap recaptcha\" data-name=\"recaptcha\"><span data-sitekey=\"6LcgwhohAAAAAFfJ8hSfN4ciI-dynDoepxiu16WA\" class=\"wpcf7-form-control g-recaptcha wpcf7-recaptcha\"><\/span>\r\n<noscript>\r\n\t<div class=\"grecaptcha-noscript\">\r\n\t\t<iframe src=\"https:\/\/www.google.com\/recaptcha\/api\/fallback?k=6LcgwhohAAAAAFfJ8hSfN4ciI-dynDoepxiu16WA\" frameborder=\"0\" scrolling=\"no\" width=\"310\" height=\"430\">\r\n\t\t<\/iframe>\r\n\t\t<textarea name=\"g-recaptcha-response\" rows=\"3\" cols=\"40\" placeholder=\"reCaptcha Response Here\">\r\n\t\t<\/textarea>\r\n\t<\/div>\r\n<\/noscript>\r\n<\/span>\n<p>    <input type=\"submit\" value=\"SEND\" class=\"wpcf7-form-control has-spinner wpcf7-submit btn btn-primary\" \/>\n  <\/p><\/div>\n<\/div>\n<input type='hidden' class='wpcf7-pum' value='{\"closepopup\":false,\"closedelay\":0,\"openpopup\":false,\"openpopup_id\":0}' \/><div class=\"wpcf7-response-output\" aria-hidden=\"true\"><\/div><\/form><\/div><\/p>\n<\/div><\/div><\/div><\/div><\/div>","protected":false},"excerpt":{"rendered":"<p>SIA Akur\u0101ts Mui\u017eas street 9, \u0100da\u017ei, \u0100da\u017eu nov., LV-2164 T\u0101lr.: 67394933 Mob.t\u0101lr.: 26338888 E-mail: info@akurats.lv Operating hours: Monday \u2013 Friday 8:00 to 17:00 SIA Akur\u0101ts VAT Reg. No. LV 40003744198 Mui\u017eas street 9, \u0100da\u017ei, \u0100da\u017eu nov., LV-2164 A\/S Swedbanka, HABALV22 Account: LV50HABA 0551015511745 If you want to order our services then fill form below.<\/p>\n","protected":false},"author":1,"featured_media":0,"parent":0,"menu_order":0,"comment_status":"closed","ping_status":"closed","template":"","meta":[],"acf":[],"yoast_head":"<!-- This site is optimized with the Yoast SEO plugin v19.9 - https:\/\/yoast.com\/wordpress\/plugins\/seo\/ -->\n<title>Contacts for Akur\u0101ts<\/title>\n<meta name=\"description\" content=\"Contact Akur\u0101ts for tent and event equipment rental! Contacts, address, phone and e-mail. We are located in Riga, delivery throughout Latvia.\" \/>\n<meta name=\"robots\" content=\"index, follow, max-snippet:-1, max-image-preview:large, max-video-preview:-1\" \/>\n<link rel=\"canonical\" href=\"https:\/\/akurats.com\/en\/contacts\/\" \/>\n<meta name=\"twitter:label1\" content=\"Est. reading time\" \/>\n\t<meta name=\"twitter:data1\" content=\"1 minute\" \/>\n<script type=\"application\/ld+json\" class=\"yoast-schema-graph\">{\"@context\":\"https:\/\/schema.org\",\"@graph\":[{\"@type\":\"WebPage\",\"@id\":\"https:\/\/akurats.com\/en\/contacts\/\",\"url\":\"https:\/\/akurats.com\/en\/contacts\/\",\"name\":\"Contacts for Akur\u0101ts\",\"isPartOf\":{\"@id\":\"https:\/\/akurats.com\/en\/#website\"},\"datePublished\":\"2015-10-09T12:30:20+00:00\",\"dateModified\":\"2025-06-28T18:17:44+00:00\",\"description\":\"Contact Akur\u0101ts for tent and event equipment rental! Contacts, address, phone and e-mail. We are located in Riga, delivery throughout Latvia.\",\"breadcrumb\":{\"@id\":\"https:\/\/akurats.com\/en\/contacts\/#breadcrumb\"},\"inLanguage\":\"en-US\",\"potentialAction\":[{\"@type\":\"ReadAction\",\"target\":[\"https:\/\/akurats.com\/en\/contacts\/\"]}]},{\"@type\":\"BreadcrumbList\",\"@id\":\"https:\/\/akurats.com\/en\/contacts\/#breadcrumb\",\"itemListElement\":[{\"@type\":\"ListItem\",\"position\":1,\"name\":\"Home\",\"item\":\"https:\/\/akurats.com\/en\/\"},{\"@type\":\"ListItem\",\"position\":2,\"name\":\"Contacts\"}]},{\"@type\":\"WebSite\",\"@id\":\"https:\/\/akurats.com\/en\/#website\",\"url\":\"https:\/\/akurats.com\/en\/\",\"name\":\"Akur\u0101ts\",\"description\":\"event equipment service\",\"publisher\":{\"@id\":\"https:\/\/akurats.com\/en\/#organization\"},\"alternateName\":\"Event equipment service\",\"potentialAction\":[{\"@type\":\"SearchAction\",\"target\":{\"@type\":\"EntryPoint\",\"urlTemplate\":\"https:\/\/akurats.com\/en\/?s={search_term_string}\"},\"query-input\":\"required name=search_term_string\"}],\"inLanguage\":\"en-US\"},{\"@type\":\"Organization\",\"@id\":\"https:\/\/akurats.com\/en\/#organization\",\"name\":\"Akur\u0101ts\",\"alternateName\":\"Event equipment service\",\"url\":\"https:\/\/akurats.com\/en\/\",\"logo\":{\"@type\":\"ImageObject\",\"inLanguage\":\"en-US\",\"@id\":\"https:\/\/akurats.com\/en\/#\/schema\/logo\/image\/\",\"url\":\"https:\/\/akurats.com\/wp-content\/uploads\/2015\/06\/A_logo.png\",\"contentUrl\":\"https:\/\/akurats.com\/wp-content\/uploads\/2015\/06\/A_logo.png\",\"width\":77,\"height\":70,\"caption\":\"Akur\u0101ts\"},\"image\":{\"@id\":\"https:\/\/akurats.com\/en\/#\/schema\/logo\/image\/\"},\"sameAs\":[\"https:\/\/www.facebook.com\/AkuratsSIA\"]}]}<\/script>\n<!-- \/ Yoast SEO plugin. -->","yoast_head_json":{"title":"Contacts for Akur\u0101ts","description":"Contact Akur\u0101ts for tent and event equipment rental! Contacts, address, phone and e-mail. We are located in Riga, delivery throughout Latvia.","robots":{"index":"index","follow":"follow","max-snippet":"max-snippet:-1","max-image-preview":"max-image-preview:large","max-video-preview":"max-video-preview:-1"},"canonical":"https:\/\/akurats.com\/en\/contacts\/","twitter_misc":{"Est. reading time":"1 minute"},"schema":{"@context":"https:\/\/schema.org","@graph":[{"@type":"WebPage","@id":"https:\/\/akurats.com\/en\/contacts\/","url":"https:\/\/akurats.com\/en\/contacts\/","name":"Contacts for Akur\u0101ts","isPartOf":{"@id":"https:\/\/akurats.com\/en\/#website"},"datePublished":"2015-10-09T12:30:20+00:00","dateModified":"2025-06-28T18:17:44+00:00","description":"Contact Akur\u0101ts for tent and event equipment rental! Contacts, address, phone and e-mail. We are located in Riga, delivery throughout Latvia.","breadcrumb":{"@id":"https:\/\/akurats.com\/en\/contacts\/#breadcrumb"},"inLanguage":"en-US","potentialAction":[{"@type":"ReadAction","target":["https:\/\/akurats.com\/en\/contacts\/"]}]},{"@type":"BreadcrumbList","@id":"https:\/\/akurats.com\/en\/contacts\/#breadcrumb","itemListElement":[{"@type":"ListItem","position":1,"name":"Home","item":"https:\/\/akurats.com\/en\/"},{"@type":"ListItem","position":2,"name":"Contacts"}]},{"@type":"WebSite","@id":"https:\/\/akurats.com\/en\/#website","url":"https:\/\/akurats.com\/en\/","name":"Akur\u0101ts","description":"event equipment service","publisher":{"@id":"https:\/\/akurats.com\/en\/#organization"},"alternateName":"Event equipment service","potentialAction":[{"@type":"SearchAction","target":{"@type":"EntryPoint","urlTemplate":"https:\/\/akurats.com\/en\/?s={search_term_string}"},"query-input":"required name=search_term_string"}],"inLanguage":"en-US"},{"@type":"Organization","@id":"https:\/\/akurats.com\/en\/#organization","name":"Akur\u0101ts","alternateName":"Event equipment service","url":"https:\/\/akurats.com\/en\/","logo":{"@type":"ImageObject","inLanguage":"en-US","@id":"https:\/\/akurats.com\/en\/#\/schema\/logo\/image\/","url":"https:\/\/akurats.com\/wp-content\/uploads\/2015\/06\/A_logo.png","contentUrl":"https:\/\/akurats.com\/wp-content\/uploads\/2015\/06\/A_logo.png","width":77,"height":70,"caption":"Akur\u0101ts"},"image":{"@id":"https:\/\/akurats.com\/en\/#\/schema\/logo\/image\/"},"sameAs":["https:\/\/www.facebook.com\/AkuratsSIA"]}]}},"_links":{"self":[{"href":"https:\/\/akurats.com\/en\/wp-json\/wp\/v2\/pages\/1900"}],"collection":[{"href":"https:\/\/akurats.com\/en\/wp-json\/wp\/v2\/pages"}],"about":[{"href":"https:\/\/akurats.com\/en\/wp-json\/wp\/v2\/types\/page"}],"author":[{"embeddable":true,"href":"https:\/\/akurats.com\/en\/wp-json\/wp\/v2\/users\/1"}],"replies":[{"embeddable":true,"href":"https:\/\/akurats.com\/en\/wp-json\/wp\/v2\/comments?post=1900"}],"version-history":[{"count":6,"href":"https:\/\/akurats.com\/en\/wp-json\/wp\/v2\/pages\/1900\/revisions"}],"predecessor-version":[{"id":28856,"href":"https:\/\/akurats.com\/en\/wp-json\/wp\/v2\/pages\/1900\/revisions\/28856"}],"wp:attachment":[{"href":"https:\/\/akurats.com\/en\/wp-json\/wp\/v2\/media?parent=1900"}],"curies":[{"name":"wp","href":"https:\/\/api.w.org\/{rel}","templated":true}]}}